{"id":557,"date":"2022-04-17T12:43:26","date_gmt":"2022-04-17T16:43:26","guid":{"rendered":"https:\/\/sommeil.impulsionmedia.com\/?page_id=557"},"modified":"2022-05-31T15:34:08","modified_gmt":"2022-05-31T19:34:08","slug":"bite-plate-2","status":"publish","type":"page","link":"https:\/\/www.santesommeildrlechner.ca\/en\/bite-plate-2\/","title":{"rendered":"Bite plate"},"content":{"rendered":"<p>If you suffer from bruxism or migraines, wearing <a href=\"\/en\/bite-plate\/\"> an NTI-tss <\/a> MD <em>(nociceptive trigeminal inhibition tension suppression system)<\/em> can help protect your teeth.<\/p>\n<p>The <strong>nocturnal deprogrammer<\/strong> (or NTI appliance) is a mini occlusal plate that is worn on the front teeth during the night. It prevents you from clenching your teeth too hard and unconsciously contracting your chewing muscles while you sleep. Since this brace eliminates the dental occlusal surfaces, the clenching reflex is inhibited and almost eliminated. By working directly on the overly intense muscle contraction, the NTI-tss appliance addresses the source of your pain. Relief is often felt after a few days of use. Associated migraine symptoms often diminish and even disappear completely.<\/p>\n<figure id=\"attachment_765\" aria-describedby=\"caption-attachment-765\" style=\"width: 547px\" class=\"wp-caption aligncenter\"><img loading=\"lazy\" decoding=\"async\" class=\"size-full wp-image-765\" src=\"https:\/\/sommeil.impulsionmedia.com\/wp-content\/uploads\/2022\/05\/nto.jpg\" alt=\"\" width=\"547\" height=\"281\" srcset=\"https:\/\/www.santesommeildrlechner.ca\/wp-content\/uploads\/2022\/05\/nto.jpg 547w, https:\/\/www.santesommeildrlechner.ca\/wp-content\/uploads\/2022\/05\/nto-300x154.jpg 300w\" sizes=\"auto, (max-width: 547px) 100vw, 547px\" \/><figcaption id=\"caption-attachment-765\" class=\"wp-caption-text\">Deprogrammer or NTI system to relieve migraines and control bruxism<\/figcaption><\/figure>\n<p>During a consultation to treat a migraine or bruxism problem, your dentist and\/or sleep professional will recommend either a bite plate or a night deprogrammer, depending on your needs. Both are made of acrylic, custom-made and offer several benefits for the health of your teeth and oral-facial structures:<\/p>\n<ul>\n<li>They absorb some of the muscle force from bruxism and clenching of the teeth,<\/li>\n<li>They relax the muscles of the jaw to relieve tension,<\/li>\n<li>They relieve the jaw joints (TMJ) and reduce pain,<\/li>\n<li>They limit the premature wear of teeth and the progression of tooth and bone deterioration.<\/li>\n<\/ul>\n<figure id=\"attachment_182\" aria-describedby=\"caption-attachment-182\" style=\"width: 800px\" class=\"wp-caption aligncenter\"><img loading=\"lazy\" decoding=\"async\" class=\"size-full wp-image-182\" src=\"\/wp-content\/uploads\/2022\/03\/deprogrammeur-big.jpg\" alt=\"D\u00e9programmeur ou syst\u00e8me NTI pour soulager les migraines et contr\u00f4ler le bruxisme\" width=\"800\" height=\"411\" srcset=\"https:\/\/www.santesommeildrlechner.ca\/wp-content\/uploads\/2022\/03\/deprogrammeur-big.jpg 800w, https:\/\/www.santesommeildrlechner.ca\/wp-content\/uploads\/2022\/03\/deprogrammeur-big-300x154.jpg 300w, https:\/\/www.santesommeildrlechner.ca\/wp-content\/uploads\/2022\/03\/deprogrammeur-big-768x395.jpg 768w\" sizes=\"auto, (max-width: 800px) 100vw, 800px\" \/><figcaption id=\"caption-attachment-182\" class=\"wp-caption-text\">Deprogrammer or NTI system to relieve migraines and control bruxism<\/figcaption><\/figure>\n&nbsp;<\/p>\n<p><a href=\"\/en\/contact-us\/\"><strong>Contact us now<\/strong><\/a> or a consultation, diagnosis or personalized bruxism control plan.<\/p>\n","protected":false},"excerpt":{"rendered":"<p>If you suffer from bruxism or migraines, wearing an NTI-tss MD (nociceptive trigeminal inhibition tension suppression system) can help protect your teeth. The nocturnal deprogrammer (or NTI appliance) is a mini occlusal plate that is worn on the front teeth during the night. It prevents you from clenching your teeth too hard and unconsciously contracting [&hellip;]<\/p>\n","protected":false},"author":1,"featured_media":422,"parent":0,"menu_order":0,"comment_status":"closed","ping_status":"closed","template":"","meta":{"_acf_changed":false,"inline_featured_image":false,"footnotes":""},"class_list":["post-557","page","type-page","status-publish","has-post-thumbnail","hentry"],"acf":[],"yoast_head":"<!-- This site is optimized with the Yoast SEO plugin v27.6 - https:\/\/yoast.com\/product\/yoast-seo-wordpress\/ -->\n<title>Bite plate - Clinique Sant\u00e9 Sommeil Dr Lechner<\/title>\n<meta name=\"robots\" content=\"index, follow, max-snippet:-1, max-image-preview:large, max-video-preview:-1\" \/>\n<link rel=\"canonical\" href=\"https:\/\/www.santesommeildrlechner.ca\/en\/bite-plate-2\/\" \/>\n<meta property=\"og:locale\" content=\"en_US\" \/>\n<meta property=\"og:type\" content=\"article\" \/>\n<meta property=\"og:title\" content=\"Bite plate - Clinique Sant\u00e9 Sommeil Dr Lechner\" \/>\n<meta property=\"og:description\" content=\"If you suffer from bruxism or migraines, wearing an NTI-tss MD (nociceptive trigeminal inhibition tension suppression system) can help protect your teeth. The nocturnal deprogrammer (or NTI appliance) is a mini occlusal plate that is worn on the front teeth during the night. It prevents you from clenching your teeth too hard and unconsciously contracting [&hellip;]\" \/>\n<meta property=\"og:url\" content=\"https:\/\/www.santesommeildrlechner.ca\/en\/bite-plate-2\/\" \/>\n<meta property=\"og:site_name\" content=\"Clinique Sant\u00e9 Sommeil Dr Lechner\" \/>\n<meta property=\"article:modified_time\" content=\"2022-05-31T19:34:08+00:00\" \/>\n<meta property=\"og:image\" content=\"https:\/\/www.santesommeildrlechner.ca\/wp-content\/uploads\/2022\/04\/entete-6.jpg\" \/>\n\t<meta property=\"og:image:width\" content=\"1300\" \/>\n\t<meta property=\"og:image:height\" content=\"428\" \/>\n\t<meta property=\"og:image:type\" content=\"image\/jpeg\" \/>\n<meta name=\"twitter:card\" content=\"summary_large_image\" \/>\n<meta name=\"twitter:label1\" content=\"Est. reading time\" \/>\n\t<meta name=\"twitter:data1\" content=\"2 minutes\" \/>\n<script type=\"application\/ld+json\" class=\"yoast-schema-graph\">{\"@context\":\"https:\\\/\\\/schema.org\",\"@graph\":[{\"@type\":\"WebPage\",\"@id\":\"https:\\\/\\\/www.santesommeildrlechner.ca\\\/en\\\/bite-plate-2\\\/\",\"url\":\"https:\\\/\\\/www.santesommeildrlechner.ca\\\/en\\\/bite-plate-2\\\/\",\"name\":\"Bite plate - Clinique Sant\u00e9 Sommeil Dr Lechner\",\"isPartOf\":{\"@id\":\"https:\\\/\\\/www.santesommeildrlechner.ca\\\/en\\\/#website\"},\"primaryImageOfPage\":{\"@id\":\"https:\\\/\\\/www.santesommeildrlechner.ca\\\/en\\\/bite-plate-2\\\/#primaryimage\"},\"image\":{\"@id\":\"https:\\\/\\\/www.santesommeildrlechner.ca\\\/en\\\/bite-plate-2\\\/#primaryimage\"},\"thumbnailUrl\":\"https:\\\/\\\/www.santesommeildrlechner.ca\\\/wp-content\\\/uploads\\\/2022\\\/04\\\/entete-6.jpg\",\"datePublished\":\"2022-04-17T16:43:26+00:00\",\"dateModified\":\"2022-05-31T19:34:08+00:00\",\"breadcrumb\":{\"@id\":\"https:\\\/\\\/www.santesommeildrlechner.ca\\\/en\\\/bite-plate-2\\\/#breadcrumb\"},\"inLanguage\":\"en-US\",\"potentialAction\":[{\"@type\":\"ReadAction\",\"target\":[\"https:\\\/\\\/www.santesommeildrlechner.ca\\\/en\\\/bite-plate-2\\\/\"]}]},{\"@type\":\"ImageObject\",\"inLanguage\":\"en-US\",\"@id\":\"https:\\\/\\\/www.santesommeildrlechner.ca\\\/en\\\/bite-plate-2\\\/#primaryimage\",\"url\":\"https:\\\/\\\/www.santesommeildrlechner.ca\\\/wp-content\\\/uploads\\\/2022\\\/04\\\/entete-6.jpg\",\"contentUrl\":\"https:\\\/\\\/www.santesommeildrlechner.ca\\\/wp-content\\\/uploads\\\/2022\\\/04\\\/entete-6.jpg\",\"width\":1300,\"height\":428},{\"@type\":\"BreadcrumbList\",\"@id\":\"https:\\\/\\\/www.santesommeildrlechner.ca\\\/en\\\/bite-plate-2\\\/#breadcrumb\",\"itemListElement\":[{\"@type\":\"ListItem\",\"position\":1,\"name\":\"Accueil\",\"item\":\"https:\\\/\\\/www.santesommeildrlechner.ca\\\/en\\\/\"},{\"@type\":\"ListItem\",\"position\":2,\"name\":\"Bite plate\"}]},{\"@type\":\"WebSite\",\"@id\":\"https:\\\/\\\/www.santesommeildrlechner.ca\\\/en\\\/#website\",\"url\":\"https:\\\/\\\/www.santesommeildrlechner.ca\\\/en\\\/\",\"name\":\"Clinique Sant\u00e9 Sommeil Dr Lechner\",\"description\":\"Clinique Sant\u00e9 Sommeil Prisma mise sur une approche multidisciplinaire pour prendre en charge les troubles du sommeil li\u00e9s \u00e0 la sant\u00e9 buccodentaire\",\"potentialAction\":[{\"@type\":\"SearchAction\",\"target\":{\"@type\":\"EntryPoint\",\"urlTemplate\":\"https:\\\/\\\/www.santesommeildrlechner.ca\\\/en\\\/?s={search_term_string}\"},\"query-input\":{\"@type\":\"PropertyValueSpecification\",\"valueRequired\":true,\"valueName\":\"search_term_string\"}}],\"inLanguage\":\"en-US\"}]}<\/script>\n<!-- \/ Yoast SEO plugin. -->","yoast_head_json":{"title":"Bite plate - Clinique Sant\u00e9 Sommeil Dr Lechner","robots":{"index":"index","follow":"follow","max-snippet":"max-snippet:-1","max-image-preview":"max-image-preview:large","max-video-preview":"max-video-preview:-1"},"canonical":"https:\/\/www.santesommeildrlechner.ca\/en\/bite-plate-2\/","og_locale":"en_US","og_type":"article","og_title":"Bite plate - Clinique Sant\u00e9 Sommeil Dr Lechner","og_description":"If you suffer from bruxism or migraines, wearing an NTI-tss MD (nociceptive trigeminal inhibition tension suppression system) can help protect your teeth. The nocturnal deprogrammer (or NTI appliance) is a mini occlusal plate that is worn on the front teeth during the night. It prevents you from clenching your teeth too hard and unconsciously contracting [&hellip;]","og_url":"https:\/\/www.santesommeildrlechner.ca\/en\/bite-plate-2\/","og_site_name":"Clinique Sant\u00e9 Sommeil Dr Lechner","article_modified_time":"2022-05-31T19:34:08+00:00","og_image":[{"width":1300,"height":428,"url":"https:\/\/www.santesommeildrlechner.ca\/wp-content\/uploads\/2022\/04\/entete-6.jpg","type":"image\/jpeg"}],"twitter_card":"summary_large_image","twitter_misc":{"Est. reading time":"2 minutes"},"schema":{"@context":"https:\/\/schema.org","@graph":[{"@type":"WebPage","@id":"https:\/\/www.santesommeildrlechner.ca\/en\/bite-plate-2\/","url":"https:\/\/www.santesommeildrlechner.ca\/en\/bite-plate-2\/","name":"Bite plate - Clinique Sant\u00e9 Sommeil Dr Lechner","isPartOf":{"@id":"https:\/\/www.santesommeildrlechner.ca\/en\/#website"},"primaryImageOfPage":{"@id":"https:\/\/www.santesommeildrlechner.ca\/en\/bite-plate-2\/#primaryimage"},"image":{"@id":"https:\/\/www.santesommeildrlechner.ca\/en\/bite-plate-2\/#primaryimage"},"thumbnailUrl":"https:\/\/www.santesommeildrlechner.ca\/wp-content\/uploads\/2022\/04\/entete-6.jpg","datePublished":"2022-04-17T16:43:26+00:00","dateModified":"2022-05-31T19:34:08+00:00","breadcrumb":{"@id":"https:\/\/www.santesommeildrlechner.ca\/en\/bite-plate-2\/#breadcrumb"},"inLanguage":"en-US","potentialAction":[{"@type":"ReadAction","target":["https:\/\/www.santesommeildrlechner.ca\/en\/bite-plate-2\/"]}]},{"@type":"ImageObject","inLanguage":"en-US","@id":"https:\/\/www.santesommeildrlechner.ca\/en\/bite-plate-2\/#primaryimage","url":"https:\/\/www.santesommeildrlechner.ca\/wp-content\/uploads\/2022\/04\/entete-6.jpg","contentUrl":"https:\/\/www.santesommeildrlechner.ca\/wp-content\/uploads\/2022\/04\/entete-6.jpg","width":1300,"height":428},{"@type":"BreadcrumbList","@id":"https:\/\/www.santesommeildrlechner.ca\/en\/bite-plate-2\/#breadcrumb","itemListElement":[{"@type":"ListItem","position":1,"name":"Accueil","item":"https:\/\/www.santesommeildrlechner.ca\/en\/"},{"@type":"ListItem","position":2,"name":"Bite plate"}]},{"@type":"WebSite","@id":"https:\/\/www.santesommeildrlechner.ca\/en\/#website","url":"https:\/\/www.santesommeildrlechner.ca\/en\/","name":"Clinique Sant\u00e9 Sommeil Dr Lechner","description":"Clinique Sant\u00e9 Sommeil Prisma mise sur une approche multidisciplinaire pour prendre en charge les troubles du sommeil li\u00e9s \u00e0 la sant\u00e9 buccodentaire","potentialAction":[{"@type":"SearchAction","target":{"@type":"EntryPoint","urlTemplate":"https:\/\/www.santesommeildrlechner.ca\/en\/?s={search_term_string}"},"query-input":{"@type":"PropertyValueSpecification","valueRequired":true,"valueName":"search_term_string"}}],"inLanguage":"en-US"}]}},"_links":{"self":[{"href":"https:\/\/www.santesommeildrlechner.ca\/en\/wp-json\/wp\/v2\/pages\/557","targetHints":{"allow":["GET"]}}],"collection":[{"href":"https:\/\/www.santesommeildrlechner.ca\/en\/wp-json\/wp\/v2\/pages"}],"about":[{"href":"https:\/\/www.santesommeildrlechner.ca\/en\/wp-json\/wp\/v2\/types\/page"}],"author":[{"embeddable":true,"href":"https:\/\/www.santesommeildrlechner.ca\/en\/wp-json\/wp\/v2\/users\/1"}],"replies":[{"embeddable":true,"href":"https:\/\/www.santesommeildrlechner.ca\/en\/wp-json\/wp\/v2\/comments?post=557"}],"version-history":[{"count":13,"href":"https:\/\/www.santesommeildrlechner.ca\/en\/wp-json\/wp\/v2\/pages\/557\/revisions"}],"predecessor-version":[{"id":827,"href":"https:\/\/www.santesommeildrlechner.ca\/en\/wp-json\/wp\/v2\/pages\/557\/revisions\/827"}],"wp:featuredmedia":[{"embeddable":true,"href":"https:\/\/www.santesommeildrlechner.ca\/en\/wp-json\/wp\/v2\/media\/422"}],"wp:attachment":[{"href":"https:\/\/www.santesommeildrlechner.ca\/en\/wp-json\/wp\/v2\/media?parent=557"}],"curies":[{"name":"wp","href":"https:\/\/api.w.org\/{rel}","templated":true}]}}