{"id":548,"date":"2022-03-17T12:15:49","date_gmt":"2022-03-17T16:15:49","guid":{"rendered":"https:\/\/sommeil.impulsionmedia.com\/?page_id=548"},"modified":"2026-04-14T23:45:08","modified_gmt":"2026-04-15T03:45:08","slug":"clinic","status":"publish","type":"page","link":"https:\/\/www.santesommeildrlechner.ca\/en\/clinic\/","title":{"rendered":"Clinic"},"content":{"rendered":"<h2>Our multidisciplinary team is comprised of oral health professionals who share a common desire to improve their patients\u2019 quality of sleep and health.<\/h2>\n<p>The Dr. Lechner Sleep Health Clinic is located in Montr\u00e9al, within the premises of the Prisma Dental Clinic, where the team is dedicated to treating oral health-related sleep disorders. Its founder and owner, Dr. Fran\u00e7ois Lechner, has more than 30 years of experience in dentistry.<\/p>\n<p>The complete range of our treatments enables us to care for patients suffering from various sleep disorders and to support them in their treatment plan. We use the latest technologies to provide the best care for each patient.<\/p>\n<p><img loading=\"lazy\" decoding=\"async\" class=\"alignright size-full wp-image-212\" src=\"\/wp-content\/uploads\/2022\/03\/logo-aadsm.png\" alt=\"American Academy of Dental Sleep Medecine\" width=\"158\" height=\"94\" \/>Our Montr\u00e9al Sleep Clinic is a dental centre that follows the <em>American Academy of Dental Sleep Medicine <\/em> (AADSM)\u2019s protocol for the treatment of sleep disorders.<\/p>\n<h3>Dr Fran\u00e7ois Lechner<\/h3>\n<p><img loading=\"lazy\" decoding=\"async\" class=\"wp-image-357 size-medium alignright\" src=\"\/wp-content\/uploads\/2025\/01\/dr-lechner.jpg\" alt=\"\" width=\"313\" height=\"315\" \/>As the founder of Dr. Lechner Sleep Health Clinic, Dr. Lechner has over 30 years of clinical experience. After mastering all aspects of general dentistry, Dr. Lechner became interested in the treatment of sleep disorders and neuromuscular dentistry. He has developed a distinctive vision of his profession thanks to his research on the links between the temporomandibular joint, occlusion and posture, which he shares with the experts working alongside him. As a Universit\u00e9 de Montr\u00e9al graduate, he perfects himself by taking additional training courses and attending conventions all over the world.<\/p>\n<p>Dr. Lechner is a member of various associations, such as the Ordre des dentistes du Qu\u00e9bec, the Association des chirurgiens dentistes du Qu\u00e9bec, the <em>American Academy for Sports Dentistry<\/em> and the <em>American Academy of Dental Sleep Medicine.<br \/>\n<\/em><\/p>\n<h3 style=\"margin-bottom:0\">Abderrazak (Zaki) Haridi<span style=\"font-size:18px;display: block;line-height: 1.0;\"><img loading=\"lazy\" decoding=\"async\" class=\"wp-image-357 size-medium alignright\" src=\"\/wp-content\/uploads\/2025\/01\/zaki-hairidi.jpg\" alt=\"\" width=\"313\" height=\"315\" \/><br \/>Customer experience director<\/span><\/h3>\n<p>For Dr. Lechner, customer experience plays a crucial role for patient satisfaction. From the first contact, Zaki makes sure to create a welcoming and reassuring environment. Patients are listened to and understood, because each smile is unique and deserves special attention. Throughout the treatment, transparent communication is essential. We inform patients about the steps, techniques and expected results helps to establish a relationship of trust throughout the treatment.<\/p>\n<h3>360\u00b0 Virtuel Visit<\/h3>\n<p style=\"text-align: center;\"><iframe loading=\"lazy\" class=\"entered lazyloaded\" src=\"https:\/\/www.hdmedia360.ca\/visite-virtuelle\/hd\/cbpwfpy3j-prisma-dentistes-montreal-qc.html\" width=\"100%\" height=\"450\" frameborder=\"0\" scrolling=\"no\" data-rocket-lazyload=\"fitvidscompatible\" data-lazy-src=\"https:\/\/www.hdmedia360.ca\/visite-virtuelle\/hd\/cbpwfpy3j-prisma-dentistes-montreal-qc.html\" data-ll-status=\"loaded\"> <\/iframe><noscript><iframe loading=\"lazy\" src=\"https:\/\/www.hdmedia360.ca\/visite-virtuelle\/hd\/cbpwfpy3j-prisma-dentistes-montreal-qc.html\" width=\"750\" height=\"450\" frameborder=\"0\" scrolling=\"no\"> <\/iframe><\/noscript><\/p>\n<div class=\"wp-caption-text\" style=\"margin-bottom:50px;\">Welcome to the joint clinics of Prisma Dentistes and Dr. Lechner Sleep Health Clinic. Note that our premises have been temporarily redesigned to ensure proper social distancing as recommended by Public Health.<\/div>\n<div><div class=\"su-custom-gallery su-custom-gallery-align-left su-custom-gallery-title-hover su-lightbox-gallery\"><div class=\"su-custom-gallery-slide\" style=\"width:255px;height:255px\"><a href=\"https:\/\/www.santesommeildrlechner.ca\/wp-content\/uploads\/2022\/05\/salle2.jpg\" title=\"Clinique Sant\u00e9 Sommeil Dr Lechner\"><img loading=\"lazy\" decoding=\"async\" src=\"https:\/\/www.santesommeildrlechner.ca\/wp-content\/uploads\/2022\/05\/salle2-255x255.jpg\" alt=\"Clinique Sant\u00e9 Sommeil Dr Lechner\" width=\"255\" height=\"255\" \/><span class=\"su-custom-gallery-title\">Clinique Sant\u00e9 Sommeil Dr Lechner<\/span><\/a><\/div><div class=\"su-custom-gallery-slide\" style=\"width:255px;height:255px\"><a href=\"https:\/\/www.santesommeildrlechner.ca\/wp-content\/uploads\/2022\/05\/salle1.jpg\" title=\"Clinique Sant\u00e9 Sommeil Dr Lechner\"><img loading=\"lazy\" decoding=\"async\" src=\"https:\/\/www.santesommeildrlechner.ca\/wp-content\/uploads\/2022\/05\/salle1-255x255.jpg\" alt=\"Clinique Sant\u00e9 Sommeil Dr Lechner\" width=\"255\" height=\"255\" \/><span class=\"su-custom-gallery-title\">Clinique Sant\u00e9 Sommeil Dr Lechner<\/span><\/a><\/div><div class=\"su-custom-gallery-slide\" style=\"width:255px;height:255px\"><a href=\"https:\/\/www.santesommeildrlechner.ca\/wp-content\/uploads\/2022\/05\/reception3-1.jpg\" title=\"Clinique Sant\u00e9 Sommeil Dr Lechner\"><img loading=\"lazy\" decoding=\"async\" src=\"https:\/\/www.santesommeildrlechner.ca\/wp-content\/uploads\/2022\/05\/reception3-1-255x255.jpg\" alt=\"Clinique Sant\u00e9 Sommeil Dr Lechner\" width=\"255\" height=\"255\" \/><span class=\"su-custom-gallery-title\">Clinique Sant\u00e9 Sommeil Dr Lechner<\/span><\/a><\/div><div class=\"su-custom-gallery-slide\" style=\"width:255px;height:255px\"><a href=\"https:\/\/www.santesommeildrlechner.ca\/wp-content\/uploads\/2022\/05\/reception2.jpg\" title=\"Clinique Sant\u00e9 Sommeil Dr Lechner\"><img loading=\"lazy\" decoding=\"async\" src=\"https:\/\/www.santesommeildrlechner.ca\/wp-content\/uploads\/2022\/05\/reception2-255x255.jpg\" alt=\"Clinique Sant\u00e9 Sommeil Dr Lechner\" width=\"255\" height=\"255\" \/><span class=\"su-custom-gallery-title\">Clinique Sant\u00e9 Sommeil Dr Lechner<\/span><\/a><\/div><div class=\"su-custom-gallery-slide\" style=\"width:255px;height:255px\"><a href=\"https:\/\/www.santesommeildrlechner.ca\/wp-content\/uploads\/2022\/05\/reception1.jpg\" title=\"Clinique Sant\u00e9 Sommeil Dr Lechner\"><img loading=\"lazy\" decoding=\"async\" src=\"https:\/\/www.santesommeildrlechner.ca\/wp-content\/uploads\/2022\/05\/reception1-255x255.jpg\" alt=\"Clinique Sant\u00e9 Sommeil Dr Lechner\" width=\"255\" height=\"255\" \/><span class=\"su-custom-gallery-title\">Clinique Sant\u00e9 Sommeil Dr Lechner<\/span><\/a><\/div><div class=\"su-custom-gallery-slide\" style=\"width:255px;height:255px\"><a href=\"https:\/\/www.santesommeildrlechner.ca\/wp-content\/uploads\/2022\/05\/prisma-dentistes-montreal-virtual2-1024x683-1.jpg\" title=\"Clinique Sant\u00e9 Sommeil Dr Lechner\"><img loading=\"lazy\" decoding=\"async\" src=\"https:\/\/www.santesommeildrlechner.ca\/wp-content\/uploads\/2022\/05\/prisma-dentistes-montreal-virtual2-1024x683-1-255x255.jpg\" alt=\"Clinique Sant\u00e9 Sommeil Dr Lechner\" width=\"255\" height=\"255\" \/><span class=\"su-custom-gallery-title\">Clinique Sant\u00e9 Sommeil Dr Lechner<\/span><\/a><\/div><div class=\"su-clear\"><\/div><\/div><\/div>\n","protected":false},"excerpt":{"rendered":"<p>Our multidisciplinary team is comprised of oral health professionals who share a common desire to improve their patients\u2019 quality of sleep and health. The Dr. Lechner Sleep Health Clinic is located in Montr\u00e9al, within the premises of the Prisma Dental Clinic, where the team is dedicated to treating oral health-related sleep disorders. Its founder and [&hellip;]<\/p>\n","protected":false},"author":1,"featured_media":424,"parent":0,"menu_order":0,"comment_status":"closed","ping_status":"closed","template":"","meta":{"_acf_changed":false,"inline_featured_image":false,"footnotes":""},"class_list":["post-548","page","type-page","status-publish","has-post-thumbnail","hentry"],"acf":[],"yoast_head":"<!-- This site is optimized with the Yoast SEO plugin v27.4 - https:\/\/yoast.com\/product\/yoast-seo-wordpress\/ -->\n<title>Clinic - Clinique Sant\u00e9 Sommeil Dr Lechner<\/title>\n<meta name=\"robots\" content=\"index, follow, max-snippet:-1, max-image-preview:large, max-video-preview:-1\" \/>\n<link rel=\"canonical\" href=\"https:\/\/www.santesommeildrlechner.ca\/en\/clinic\/\" \/>\n<meta property=\"og:locale\" content=\"en_US\" \/>\n<meta property=\"og:type\" content=\"article\" \/>\n<meta property=\"og:title\" content=\"Clinic - Clinique Sant\u00e9 Sommeil Dr Lechner\" \/>\n<meta property=\"og:description\" content=\"Our multidisciplinary team is comprised of oral health professionals who share a common desire to improve their patients\u2019 quality of sleep and health. The Dr. Lechner Sleep Health Clinic is located in Montr\u00e9al, within the premises of the Prisma Dental Clinic, where the team is dedicated to treating oral health-related sleep disorders. Its founder and [&hellip;]\" \/>\n<meta property=\"og:url\" content=\"https:\/\/www.santesommeildrlechner.ca\/en\/clinic\/\" \/>\n<meta property=\"og:site_name\" content=\"Clinique Sant\u00e9 Sommeil Dr Lechner\" \/>\n<meta property=\"article:modified_time\" content=\"2026-04-15T03:45:08+00:00\" \/>\n<meta property=\"og:image\" content=\"https:\/\/www.santesommeildrlechner.ca\/wp-content\/uploads\/2022\/04\/entete-7.jpg\" \/>\n\t<meta property=\"og:image:width\" content=\"1300\" \/>\n\t<meta property=\"og:image:height\" content=\"428\" \/>\n\t<meta property=\"og:image:type\" content=\"image\/jpeg\" \/>\n<meta name=\"twitter:card\" content=\"summary_large_image\" \/>\n<meta name=\"twitter:label1\" content=\"Est. reading time\" \/>\n\t<meta name=\"twitter:data1\" content=\"3 minutes\" \/>\n<script type=\"application\/ld+json\" class=\"yoast-schema-graph\">{\"@context\":\"https:\\\/\\\/schema.org\",\"@graph\":[{\"@type\":\"WebPage\",\"@id\":\"https:\\\/\\\/www.santesommeildrlechner.ca\\\/en\\\/clinic\\\/\",\"url\":\"https:\\\/\\\/www.santesommeildrlechner.ca\\\/en\\\/clinic\\\/\",\"name\":\"Clinic - Clinique Sant\u00e9 Sommeil Dr Lechner\",\"isPartOf\":{\"@id\":\"https:\\\/\\\/www.santesommeildrlechner.ca\\\/en\\\/#website\"},\"primaryImageOfPage\":{\"@id\":\"https:\\\/\\\/www.santesommeildrlechner.ca\\\/en\\\/clinic\\\/#primaryimage\"},\"image\":{\"@id\":\"https:\\\/\\\/www.santesommeildrlechner.ca\\\/en\\\/clinic\\\/#primaryimage\"},\"thumbnailUrl\":\"https:\\\/\\\/www.santesommeildrlechner.ca\\\/wp-content\\\/uploads\\\/2022\\\/04\\\/entete-7.jpg\",\"datePublished\":\"2022-03-17T16:15:49+00:00\",\"dateModified\":\"2026-04-15T03:45:08+00:00\",\"breadcrumb\":{\"@id\":\"https:\\\/\\\/www.santesommeildrlechner.ca\\\/en\\\/clinic\\\/#breadcrumb\"},\"inLanguage\":\"en-US\",\"potentialAction\":[{\"@type\":\"ReadAction\",\"target\":[\"https:\\\/\\\/www.santesommeildrlechner.ca\\\/en\\\/clinic\\\/\"]}]},{\"@type\":\"ImageObject\",\"inLanguage\":\"en-US\",\"@id\":\"https:\\\/\\\/www.santesommeildrlechner.ca\\\/en\\\/clinic\\\/#primaryimage\",\"url\":\"https:\\\/\\\/www.santesommeildrlechner.ca\\\/wp-content\\\/uploads\\\/2022\\\/04\\\/entete-7.jpg\",\"contentUrl\":\"https:\\\/\\\/www.santesommeildrlechner.ca\\\/wp-content\\\/uploads\\\/2022\\\/04\\\/entete-7.jpg\",\"width\":1300,\"height\":428},{\"@type\":\"BreadcrumbList\",\"@id\":\"https:\\\/\\\/www.santesommeildrlechner.ca\\\/en\\\/clinic\\\/#breadcrumb\",\"itemListElement\":[{\"@type\":\"ListItem\",\"position\":1,\"name\":\"Accueil\",\"item\":\"https:\\\/\\\/www.santesommeildrlechner.ca\\\/en\\\/\"},{\"@type\":\"ListItem\",\"position\":2,\"name\":\"Clinic\"}]},{\"@type\":\"WebSite\",\"@id\":\"https:\\\/\\\/www.santesommeildrlechner.ca\\\/en\\\/#website\",\"url\":\"https:\\\/\\\/www.santesommeildrlechner.ca\\\/en\\\/\",\"name\":\"Clinique Sant\u00e9 Sommeil Dr Lechner\",\"description\":\"Clinique Sant\u00e9 Sommeil Prisma mise sur une approche multidisciplinaire pour prendre en charge les troubles du sommeil li\u00e9s \u00e0 la sant\u00e9 buccodentaire\",\"potentialAction\":[{\"@type\":\"SearchAction\",\"target\":{\"@type\":\"EntryPoint\",\"urlTemplate\":\"https:\\\/\\\/www.santesommeildrlechner.ca\\\/en\\\/?s={search_term_string}\"},\"query-input\":{\"@type\":\"PropertyValueSpecification\",\"valueRequired\":true,\"valueName\":\"search_term_string\"}}],\"inLanguage\":\"en-US\"}]}<\/script>\n<!-- \/ Yoast SEO plugin. -->","yoast_head_json":{"title":"Clinic - Clinique Sant\u00e9 Sommeil Dr Lechner","robots":{"index":"index","follow":"follow","max-snippet":"max-snippet:-1","max-image-preview":"max-image-preview:large","max-video-preview":"max-video-preview:-1"},"canonical":"https:\/\/www.santesommeildrlechner.ca\/en\/clinic\/","og_locale":"en_US","og_type":"article","og_title":"Clinic - Clinique Sant\u00e9 Sommeil Dr Lechner","og_description":"Our multidisciplinary team is comprised of oral health professionals who share a common desire to improve their patients\u2019 quality of sleep and health. The Dr. Lechner Sleep Health Clinic is located in Montr\u00e9al, within the premises of the Prisma Dental Clinic, where the team is dedicated to treating oral health-related sleep disorders. Its founder and [&hellip;]","og_url":"https:\/\/www.santesommeildrlechner.ca\/en\/clinic\/","og_site_name":"Clinique Sant\u00e9 Sommeil Dr Lechner","article_modified_time":"2026-04-15T03:45:08+00:00","og_image":[{"width":1300,"height":428,"url":"https:\/\/www.santesommeildrlechner.ca\/wp-content\/uploads\/2022\/04\/entete-7.jpg","type":"image\/jpeg"}],"twitter_card":"summary_large_image","twitter_misc":{"Est. reading time":"3 minutes"},"schema":{"@context":"https:\/\/schema.org","@graph":[{"@type":"WebPage","@id":"https:\/\/www.santesommeildrlechner.ca\/en\/clinic\/","url":"https:\/\/www.santesommeildrlechner.ca\/en\/clinic\/","name":"Clinic - Clinique Sant\u00e9 Sommeil Dr Lechner","isPartOf":{"@id":"https:\/\/www.santesommeildrlechner.ca\/en\/#website"},"primaryImageOfPage":{"@id":"https:\/\/www.santesommeildrlechner.ca\/en\/clinic\/#primaryimage"},"image":{"@id":"https:\/\/www.santesommeildrlechner.ca\/en\/clinic\/#primaryimage"},"thumbnailUrl":"https:\/\/www.santesommeildrlechner.ca\/wp-content\/uploads\/2022\/04\/entete-7.jpg","datePublished":"2022-03-17T16:15:49+00:00","dateModified":"2026-04-15T03:45:08+00:00","breadcrumb":{"@id":"https:\/\/www.santesommeildrlechner.ca\/en\/clinic\/#breadcrumb"},"inLanguage":"en-US","potentialAction":[{"@type":"ReadAction","target":["https:\/\/www.santesommeildrlechner.ca\/en\/clinic\/"]}]},{"@type":"ImageObject","inLanguage":"en-US","@id":"https:\/\/www.santesommeildrlechner.ca\/en\/clinic\/#primaryimage","url":"https:\/\/www.santesommeildrlechner.ca\/wp-content\/uploads\/2022\/04\/entete-7.jpg","contentUrl":"https:\/\/www.santesommeildrlechner.ca\/wp-content\/uploads\/2022\/04\/entete-7.jpg","width":1300,"height":428},{"@type":"BreadcrumbList","@id":"https:\/\/www.santesommeildrlechner.ca\/en\/clinic\/#breadcrumb","itemListElement":[{"@type":"ListItem","position":1,"name":"Accueil","item":"https:\/\/www.santesommeildrlechner.ca\/en\/"},{"@type":"ListItem","position":2,"name":"Clinic"}]},{"@type":"WebSite","@id":"https:\/\/www.santesommeildrlechner.ca\/en\/#website","url":"https:\/\/www.santesommeildrlechner.ca\/en\/","name":"Clinique Sant\u00e9 Sommeil Dr Lechner","description":"Clinique Sant\u00e9 Sommeil Prisma mise sur une approche multidisciplinaire pour prendre en charge les troubles du sommeil li\u00e9s \u00e0 la sant\u00e9 buccodentaire","potentialAction":[{"@type":"SearchAction","target":{"@type":"EntryPoint","urlTemplate":"https:\/\/www.santesommeildrlechner.ca\/en\/?s={search_term_string}"},"query-input":{"@type":"PropertyValueSpecification","valueRequired":true,"valueName":"search_term_string"}}],"inLanguage":"en-US"}]}},"_links":{"self":[{"href":"https:\/\/www.santesommeildrlechner.ca\/en\/wp-json\/wp\/v2\/pages\/548","targetHints":{"allow":["GET"]}}],"collection":[{"href":"https:\/\/www.santesommeildrlechner.ca\/en\/wp-json\/wp\/v2\/pages"}],"about":[{"href":"https:\/\/www.santesommeildrlechner.ca\/en\/wp-json\/wp\/v2\/types\/page"}],"author":[{"embeddable":true,"href":"https:\/\/www.santesommeildrlechner.ca\/en\/wp-json\/wp\/v2\/users\/1"}],"replies":[{"embeddable":true,"href":"https:\/\/www.santesommeildrlechner.ca\/en\/wp-json\/wp\/v2\/comments?post=548"}],"version-history":[{"count":13,"href":"https:\/\/www.santesommeildrlechner.ca\/en\/wp-json\/wp\/v2\/pages\/548\/revisions"}],"predecessor-version":[{"id":901,"href":"https:\/\/www.santesommeildrlechner.ca\/en\/wp-json\/wp\/v2\/pages\/548\/revisions\/901"}],"wp:featuredmedia":[{"embeddable":true,"href":"https:\/\/www.santesommeildrlechner.ca\/en\/wp-json\/wp\/v2\/media\/424"}],"wp:attachment":[{"href":"https:\/\/www.santesommeildrlechner.ca\/en\/wp-json\/wp\/v2\/media?parent=548"}],"curies":[{"name":"wp","href":"https:\/\/api.w.org\/{rel}","templated":true}]}}