{"id":547,"date":"2022-04-18T12:18:36","date_gmt":"2022-04-18T16:18:36","guid":{"rendered":"https:\/\/sommeil.impulsionmedia.com\/?page_id=547"},"modified":"2026-03-02T16:26:52","modified_gmt":"2026-03-02T21:26:52","slug":"covid-19","status":"publish","type":"page","link":"https:\/\/www.santesommeildrlechner.ca\/en\/covid-19\/","title":{"rendered":"COVID-19"},"content":{"rendered":"<p>True to our reputation for professionalism and thoroughness, the entire clinic has made it a priority to mobilize itself around meticulous safety protocols since the beginning of the COVID-19 pandemic. These measures comply with government guidelines and the Ordre des dentistes du Qu\u00e9bec.<\/p>\n<p>Before your next visit, we would like to inform you of a few changes we have made to our procedures to protect your health and safety. After each appointment, we clean, disinfect and sterilize the treatment rooms, instruments and all surfaces. We care about your health!<\/p>\n<p><img loading=\"lazy\" decoding=\"async\" class=\"size-full wp-image-377 aligncenter\" src=\"\/wp-content\/uploads\/2022\/04\/icn-rv2.gif\" alt=\"\" width=\"242\" height=\"204\" \/><\/p>\n<p>The day before your appointment, a member of the team will contact you to carry out a \u201cpre-screening\u201d process to determine if you have any potential COVID-19 symptoms.\u00a0<strong>It is very important to answer the questions honestly, for everyone\u2019s safety, including your own<\/strong>.<img loading=\"lazy\" decoding=\"async\" class=\"size-full wp-image-379 aligncenter\" src=\"\/wp-content\/uploads\/2022\/04\/icn-sanitizer2.gif\" alt=\"\" width=\"242\" height=\"204\" \/><\/p>\n<p>At the entrance you will find a \u201cpatient protection station\u201d that includes sanitizer and a mask dispenser. Here, you can disinfect your hands and put on a mask. Our on-site staff and your dentist also wear personal protective equipment that respects the highest standards in order to ensure an aseptic work environment and mitigate the spread of infection.<\/p>\n<p><img loading=\"lazy\" decoding=\"async\" class=\"size-full wp-image-375 aligncenter\" src=\"\/wp-content\/uploads\/2022\/04\/icn-recept2.gif\" alt=\"\" width=\"242\" height=\"204\" \/><\/p>\n<p>Upon your arrival, we ask that you wait in your vehicle or outside the office. You will receive a text message or a phone call as soon as the team is ready for your appointment. People accompanying patients must remain outside the clinic, except for those visiting our clinic with a child, an elderly person or a person with physical limitations\u2014<em>under certain conditions<\/em>.<\/p>\n<p><strong>Important:\u00a0<\/strong>When you book an appointment, please let us know if someone will be accompanying you or if you will be accompanying someone in order to get further instructions.<\/p>\n<p><img loading=\"lazy\" decoding=\"async\" class=\"size-full wp-image-373 aligncenter\" src=\"\/wp-content\/uploads\/2022\/04\/icn-distance2.gif\" alt=\"\" width=\"242\" height=\"204\" \/><\/p>\n<p>Our waiting room capacity is now limited, with a minimum number of chairs kept at a distance of 2 meters (6 feet) apart. Note that Plexiglas barriers and \u201cStand Here\u201d floor stickers have been placed around the reception area to encourage physical distancing.<\/p>\n<p><img loading=\"lazy\" decoding=\"async\" class=\"size-full wp-image-371 aligncenter\" src=\"\/wp-content\/uploads\/2022\/04\/icn-check2.gif\" alt=\"\" width=\"242\" height=\"204\" \/><\/p>\n<p>Rest assured that any member of our team experiencing flu-like symptoms, whatever\u00a0 they may be, will automatically be placed in mandatory quarantine. The clinic will keep you updated on any changes to protocols recommended by public health authorities.<\/p>\n","protected":false},"excerpt":{"rendered":"<p>True to our reputation for professionalism and thoroughness, the entire clinic has made it a priority to mobilize itself around meticulous safety protocols since the beginning of the COVID-19 pandemic. These measures comply with government guidelines and the Ordre des dentistes du Qu\u00e9bec. Before your next visit, we would like to inform you of a [&hellip;]<\/p>\n","protected":false},"author":1,"featured_media":424,"parent":0,"menu_order":0,"comment_status":"closed","ping_status":"closed","template":"","meta":{"_acf_changed":false,"inline_featured_image":false,"footnotes":""},"class_list":["post-547","page","type-page","status-publish","has-post-thumbnail","hentry"],"acf":[],"yoast_head":"<!-- This site is optimized with the Yoast SEO plugin v27.6 - https:\/\/yoast.com\/product\/yoast-seo-wordpress\/ -->\n<title>COVID-19 - Clinique Sant\u00e9 Sommeil Dr Lechner<\/title>\n<meta name=\"robots\" content=\"index, follow, max-snippet:-1, max-image-preview:large, max-video-preview:-1\" \/>\n<link rel=\"canonical\" href=\"https:\/\/www.santesommeildrlechner.ca\/en\/covid-19\/\" \/>\n<meta property=\"og:locale\" content=\"en_US\" \/>\n<meta property=\"og:type\" content=\"article\" \/>\n<meta property=\"og:title\" content=\"COVID-19 - Clinique Sant\u00e9 Sommeil Dr Lechner\" \/>\n<meta property=\"og:description\" content=\"True to our reputation for professionalism and thoroughness, the entire clinic has made it a priority to mobilize itself around meticulous safety protocols since the beginning of the COVID-19 pandemic. These measures comply with government guidelines and the Ordre des dentistes du Qu\u00e9bec. Before your next visit, we would like to inform you of a [&hellip;]\" \/>\n<meta property=\"og:url\" content=\"https:\/\/www.santesommeildrlechner.ca\/en\/covid-19\/\" \/>\n<meta property=\"og:site_name\" content=\"Clinique Sant\u00e9 Sommeil Dr Lechner\" \/>\n<meta property=\"article:modified_time\" content=\"2026-03-02T21:26:52+00:00\" \/>\n<meta property=\"og:image\" content=\"https:\/\/www.santesommeildrlechner.ca\/wp-content\/uploads\/2022\/04\/entete-7.jpg\" \/>\n\t<meta property=\"og:image:width\" content=\"1300\" \/>\n\t<meta property=\"og:image:height\" content=\"428\" \/>\n\t<meta property=\"og:image:type\" content=\"image\/jpeg\" \/>\n<meta name=\"twitter:card\" content=\"summary_large_image\" \/>\n<meta name=\"twitter:label1\" content=\"Est. reading time\" \/>\n\t<meta name=\"twitter:data1\" content=\"4 minutes\" \/>\n<script type=\"application\/ld+json\" class=\"yoast-schema-graph\">{\"@context\":\"https:\\\/\\\/schema.org\",\"@graph\":[{\"@type\":\"WebPage\",\"@id\":\"https:\\\/\\\/www.santesommeildrlechner.ca\\\/en\\\/covid-19\\\/\",\"url\":\"https:\\\/\\\/www.santesommeildrlechner.ca\\\/en\\\/covid-19\\\/\",\"name\":\"COVID-19 - Clinique Sant\u00e9 Sommeil Dr Lechner\",\"isPartOf\":{\"@id\":\"https:\\\/\\\/www.santesommeildrlechner.ca\\\/en\\\/#website\"},\"primaryImageOfPage\":{\"@id\":\"https:\\\/\\\/www.santesommeildrlechner.ca\\\/en\\\/covid-19\\\/#primaryimage\"},\"image\":{\"@id\":\"https:\\\/\\\/www.santesommeildrlechner.ca\\\/en\\\/covid-19\\\/#primaryimage\"},\"thumbnailUrl\":\"https:\\\/\\\/www.santesommeildrlechner.ca\\\/wp-content\\\/uploads\\\/2022\\\/04\\\/entete-7.jpg\",\"datePublished\":\"2022-04-18T16:18:36+00:00\",\"dateModified\":\"2026-03-02T21:26:52+00:00\",\"breadcrumb\":{\"@id\":\"https:\\\/\\\/www.santesommeildrlechner.ca\\\/en\\\/covid-19\\\/#breadcrumb\"},\"inLanguage\":\"en-US\",\"potentialAction\":[{\"@type\":\"ReadAction\",\"target\":[\"https:\\\/\\\/www.santesommeildrlechner.ca\\\/en\\\/covid-19\\\/\"]}]},{\"@type\":\"ImageObject\",\"inLanguage\":\"en-US\",\"@id\":\"https:\\\/\\\/www.santesommeildrlechner.ca\\\/en\\\/covid-19\\\/#primaryimage\",\"url\":\"https:\\\/\\\/www.santesommeildrlechner.ca\\\/wp-content\\\/uploads\\\/2022\\\/04\\\/entete-7.jpg\",\"contentUrl\":\"https:\\\/\\\/www.santesommeildrlechner.ca\\\/wp-content\\\/uploads\\\/2022\\\/04\\\/entete-7.jpg\",\"width\":1300,\"height\":428},{\"@type\":\"BreadcrumbList\",\"@id\":\"https:\\\/\\\/www.santesommeildrlechner.ca\\\/en\\\/covid-19\\\/#breadcrumb\",\"itemListElement\":[{\"@type\":\"ListItem\",\"position\":1,\"name\":\"Accueil\",\"item\":\"https:\\\/\\\/www.santesommeildrlechner.ca\\\/en\\\/\"},{\"@type\":\"ListItem\",\"position\":2,\"name\":\"COVID-19\"}]},{\"@type\":\"WebSite\",\"@id\":\"https:\\\/\\\/www.santesommeildrlechner.ca\\\/en\\\/#website\",\"url\":\"https:\\\/\\\/www.santesommeildrlechner.ca\\\/en\\\/\",\"name\":\"Clinique Sant\u00e9 Sommeil Dr Lechner\",\"description\":\"Clinique Sant\u00e9 Sommeil Prisma mise sur une approche multidisciplinaire pour prendre en charge les troubles du sommeil li\u00e9s \u00e0 la sant\u00e9 buccodentaire\",\"potentialAction\":[{\"@type\":\"SearchAction\",\"target\":{\"@type\":\"EntryPoint\",\"urlTemplate\":\"https:\\\/\\\/www.santesommeildrlechner.ca\\\/en\\\/?s={search_term_string}\"},\"query-input\":{\"@type\":\"PropertyValueSpecification\",\"valueRequired\":true,\"valueName\":\"search_term_string\"}}],\"inLanguage\":\"en-US\"}]}<\/script>\n<!-- \/ Yoast SEO plugin. -->","yoast_head_json":{"title":"COVID-19 - Clinique Sant\u00e9 Sommeil Dr Lechner","robots":{"index":"index","follow":"follow","max-snippet":"max-snippet:-1","max-image-preview":"max-image-preview:large","max-video-preview":"max-video-preview:-1"},"canonical":"https:\/\/www.santesommeildrlechner.ca\/en\/covid-19\/","og_locale":"en_US","og_type":"article","og_title":"COVID-19 - Clinique Sant\u00e9 Sommeil Dr Lechner","og_description":"True to our reputation for professionalism and thoroughness, the entire clinic has made it a priority to mobilize itself around meticulous safety protocols since the beginning of the COVID-19 pandemic. These measures comply with government guidelines and the Ordre des dentistes du Qu\u00e9bec. Before your next visit, we would like to inform you of a [&hellip;]","og_url":"https:\/\/www.santesommeildrlechner.ca\/en\/covid-19\/","og_site_name":"Clinique Sant\u00e9 Sommeil Dr Lechner","article_modified_time":"2026-03-02T21:26:52+00:00","og_image":[{"width":1300,"height":428,"url":"https:\/\/www.santesommeildrlechner.ca\/wp-content\/uploads\/2022\/04\/entete-7.jpg","type":"image\/jpeg"}],"twitter_card":"summary_large_image","twitter_misc":{"Est. reading time":"4 minutes"},"schema":{"@context":"https:\/\/schema.org","@graph":[{"@type":"WebPage","@id":"https:\/\/www.santesommeildrlechner.ca\/en\/covid-19\/","url":"https:\/\/www.santesommeildrlechner.ca\/en\/covid-19\/","name":"COVID-19 - Clinique Sant\u00e9 Sommeil Dr Lechner","isPartOf":{"@id":"https:\/\/www.santesommeildrlechner.ca\/en\/#website"},"primaryImageOfPage":{"@id":"https:\/\/www.santesommeildrlechner.ca\/en\/covid-19\/#primaryimage"},"image":{"@id":"https:\/\/www.santesommeildrlechner.ca\/en\/covid-19\/#primaryimage"},"thumbnailUrl":"https:\/\/www.santesommeildrlechner.ca\/wp-content\/uploads\/2022\/04\/entete-7.jpg","datePublished":"2022-04-18T16:18:36+00:00","dateModified":"2026-03-02T21:26:52+00:00","breadcrumb":{"@id":"https:\/\/www.santesommeildrlechner.ca\/en\/covid-19\/#breadcrumb"},"inLanguage":"en-US","potentialAction":[{"@type":"ReadAction","target":["https:\/\/www.santesommeildrlechner.ca\/en\/covid-19\/"]}]},{"@type":"ImageObject","inLanguage":"en-US","@id":"https:\/\/www.santesommeildrlechner.ca\/en\/covid-19\/#primaryimage","url":"https:\/\/www.santesommeildrlechner.ca\/wp-content\/uploads\/2022\/04\/entete-7.jpg","contentUrl":"https:\/\/www.santesommeildrlechner.ca\/wp-content\/uploads\/2022\/04\/entete-7.jpg","width":1300,"height":428},{"@type":"BreadcrumbList","@id":"https:\/\/www.santesommeildrlechner.ca\/en\/covid-19\/#breadcrumb","itemListElement":[{"@type":"ListItem","position":1,"name":"Accueil","item":"https:\/\/www.santesommeildrlechner.ca\/en\/"},{"@type":"ListItem","position":2,"name":"COVID-19"}]},{"@type":"WebSite","@id":"https:\/\/www.santesommeildrlechner.ca\/en\/#website","url":"https:\/\/www.santesommeildrlechner.ca\/en\/","name":"Clinique Sant\u00e9 Sommeil Dr Lechner","description":"Clinique Sant\u00e9 Sommeil Prisma mise sur une approche multidisciplinaire pour prendre en charge les troubles du sommeil li\u00e9s \u00e0 la sant\u00e9 buccodentaire","potentialAction":[{"@type":"SearchAction","target":{"@type":"EntryPoint","urlTemplate":"https:\/\/www.santesommeildrlechner.ca\/en\/?s={search_term_string}"},"query-input":{"@type":"PropertyValueSpecification","valueRequired":true,"valueName":"search_term_string"}}],"inLanguage":"en-US"}]}},"_links":{"self":[{"href":"https:\/\/www.santesommeildrlechner.ca\/en\/wp-json\/wp\/v2\/pages\/547","targetHints":{"allow":["GET"]}}],"collection":[{"href":"https:\/\/www.santesommeildrlechner.ca\/en\/wp-json\/wp\/v2\/pages"}],"about":[{"href":"https:\/\/www.santesommeildrlechner.ca\/en\/wp-json\/wp\/v2\/types\/page"}],"author":[{"embeddable":true,"href":"https:\/\/www.santesommeildrlechner.ca\/en\/wp-json\/wp\/v2\/users\/1"}],"replies":[{"embeddable":true,"href":"https:\/\/www.santesommeildrlechner.ca\/en\/wp-json\/wp\/v2\/comments?post=547"}],"version-history":[{"count":4,"href":"https:\/\/www.santesommeildrlechner.ca\/en\/wp-json\/wp\/v2\/pages\/547\/revisions"}],"predecessor-version":[{"id":881,"href":"https:\/\/www.santesommeildrlechner.ca\/en\/wp-json\/wp\/v2\/pages\/547\/revisions\/881"}],"wp:featuredmedia":[{"embeddable":true,"href":"https:\/\/www.santesommeildrlechner.ca\/en\/wp-json\/wp\/v2\/media\/424"}],"wp:attachment":[{"href":"https:\/\/www.santesommeildrlechner.ca\/en\/wp-json\/wp\/v2\/media?parent=547"}],"curies":[{"name":"wp","href":"https:\/\/api.w.org\/{rel}","templated":true}]}}