{"id":536,"date":"2022-03-16T23:53:01","date_gmt":"2022-03-17T03:53:01","guid":{"rendered":"https:\/\/sommeil.impulsionmedia.com\/?page_id=536"},"modified":"2022-05-31T15:29:37","modified_gmt":"2022-05-31T19:29:37","slug":"bite-plate","status":"publish","type":"page","link":"https:\/\/www.santesommeildrlechner.ca\/en\/bite-plate\/","title":{"rendered":"Bite plate"},"content":{"rendered":"<p>A<strong> bite plate<\/strong> is an acrylic tray that can be worn day or night. It prevents the upper teeth from coming into contact with the lower teeth and helps the jaw muscles relax.<\/p>\n<img loading=\"lazy\" decoding=\"async\" width=\"800\" height=\"411\" class=\"wp-image-690 size-full\" src=\"\/wp-content\/uploads\/2022\/05\/plaque-occlusale-2.jpg\" alt=\"\"  style=\"width:100%;height:auto\" srcset=\"https:\/\/www.santesommeildrlechner.ca\/wp-content\/uploads\/2022\/05\/plaque-occlusale-2.jpg 800w, https:\/\/www.santesommeildrlechner.ca\/wp-content\/uploads\/2022\/05\/plaque-occlusale-2-300x154.jpg 300w, https:\/\/www.santesommeildrlechner.ca\/wp-content\/uploads\/2022\/05\/plaque-occlusale-2-768x395.jpg 768w\" sizes=\"auto, (max-width: 800px) 100vw, 800px\" \/>\n<p>During a consultation to treat a migraine or bruxism problem, your dentist and\/or sleep professional will recommend either a bite plate or a <a href=\"\/en\/bite-plate-2\/\">night deprogrammer<\/a>, depending on your needs. Both are made of acrylic, custom-made and offer several benefits for the health of your teeth and oral-facial structures:<\/p>\n<ul>\n<li>iThey absorb some of the muscle force from bruxism and clenching of the teeth,<\/li>\n<li>They relax the muscles of the jaw to relieve tension,<\/li>\n<li>They relieve the jaw joints (TMJ) and reduce pain,<\/li>\n<li>They limit the premature wear of teeth and the progression of tooth and bone deterioration,<\/li>\n<\/ul>\n<p><a href=\"\/en\/contact-us\/\"><strong>Contact us now<\/strong><\/a> for a consultation, diagnosis or personalized bruxism control plan.<\/p>\n<p><img loading=\"lazy\" decoding=\"async\" src=\"https:\/\/www.santesommeildrlechner.ca\/wp-content\/uploads\/2022\/05\/plaque-occlusale-deprogrammeur.jpg\" alt=\"\" width=\"499\" height=\"352\" class=\"aligncenter size-full wp-image-777\" srcset=\"https:\/\/www.santesommeildrlechner.ca\/wp-content\/uploads\/2022\/05\/plaque-occlusale-deprogrammeur.jpg 499w, https:\/\/www.santesommeildrlechner.ca\/wp-content\/uploads\/2022\/05\/plaque-occlusale-deprogrammeur-300x212.jpg 300w\" sizes=\"auto, (max-width: 499px) 100vw, 499px\" \/><\/p>\n","protected":false},"excerpt":{"rendered":"<p>A bite plate is an acrylic tray that can be worn day or night. It prevents the upper teeth from coming into contact with the lower teeth and helps the jaw muscles relax. During a consultation to treat a migraine or bruxism problem, your dentist and\/or sleep professional will recommend either a bite plate or [&hellip;]<\/p>\n","protected":false},"author":1,"featured_media":420,"parent":0,"menu_order":0,"comment_status":"closed","ping_status":"closed","template":"","meta":{"_acf_changed":false,"inline_featured_image":false,"footnotes":""},"class_list":["post-536","page","type-page","status-publish","has-post-thumbnail","hentry"],"acf":[],"yoast_head":"<!-- This site is optimized with the Yoast SEO plugin v27.4 - https:\/\/yoast.com\/product\/yoast-seo-wordpress\/ -->\n<title>Bite plate - Clinique Sant\u00e9 Sommeil Dr Lechner<\/title>\n<meta name=\"robots\" content=\"index, follow, max-snippet:-1, max-image-preview:large, max-video-preview:-1\" \/>\n<link rel=\"canonical\" href=\"https:\/\/www.santesommeildrlechner.ca\/en\/bite-plate\/\" \/>\n<meta property=\"og:locale\" content=\"en_US\" \/>\n<meta property=\"og:type\" content=\"article\" \/>\n<meta property=\"og:title\" content=\"Bite plate - Clinique Sant\u00e9 Sommeil Dr Lechner\" \/>\n<meta property=\"og:description\" content=\"A bite plate is an acrylic tray that can be worn day or night. It prevents the upper teeth from coming into contact with the lower teeth and helps the jaw muscles relax. During a consultation to treat a migraine or bruxism problem, your dentist and\/or sleep professional will recommend either a bite plate or [&hellip;]\" \/>\n<meta property=\"og:url\" content=\"https:\/\/www.santesommeildrlechner.ca\/en\/bite-plate\/\" \/>\n<meta property=\"og:site_name\" content=\"Clinique Sant\u00e9 Sommeil Dr Lechner\" \/>\n<meta property=\"article:modified_time\" content=\"2022-05-31T19:29:37+00:00\" \/>\n<meta property=\"og:image\" content=\"https:\/\/www.santesommeildrlechner.ca\/wp-content\/uploads\/2022\/04\/entete-5.jpg\" \/>\n\t<meta property=\"og:image:width\" content=\"1300\" \/>\n\t<meta property=\"og:image:height\" content=\"428\" \/>\n\t<meta property=\"og:image:type\" content=\"image\/jpeg\" \/>\n<meta name=\"twitter:card\" content=\"summary_large_image\" \/>\n<meta name=\"twitter:label1\" content=\"Est. reading time\" \/>\n\t<meta name=\"twitter:data1\" content=\"1 minute\" \/>\n<script type=\"application\/ld+json\" class=\"yoast-schema-graph\">{\"@context\":\"https:\\\/\\\/schema.org\",\"@graph\":[{\"@type\":\"WebPage\",\"@id\":\"https:\\\/\\\/www.santesommeildrlechner.ca\\\/en\\\/bite-plate\\\/\",\"url\":\"https:\\\/\\\/www.santesommeildrlechner.ca\\\/en\\\/bite-plate\\\/\",\"name\":\"Bite plate - Clinique Sant\u00e9 Sommeil Dr Lechner\",\"isPartOf\":{\"@id\":\"https:\\\/\\\/www.santesommeildrlechner.ca\\\/en\\\/#website\"},\"primaryImageOfPage\":{\"@id\":\"https:\\\/\\\/www.santesommeildrlechner.ca\\\/en\\\/bite-plate\\\/#primaryimage\"},\"image\":{\"@id\":\"https:\\\/\\\/www.santesommeildrlechner.ca\\\/en\\\/bite-plate\\\/#primaryimage\"},\"thumbnailUrl\":\"https:\\\/\\\/www.santesommeildrlechner.ca\\\/wp-content\\\/uploads\\\/2022\\\/04\\\/entete-5.jpg\",\"datePublished\":\"2022-03-17T03:53:01+00:00\",\"dateModified\":\"2022-05-31T19:29:37+00:00\",\"breadcrumb\":{\"@id\":\"https:\\\/\\\/www.santesommeildrlechner.ca\\\/en\\\/bite-plate\\\/#breadcrumb\"},\"inLanguage\":\"en-US\",\"potentialAction\":[{\"@type\":\"ReadAction\",\"target\":[\"https:\\\/\\\/www.santesommeildrlechner.ca\\\/en\\\/bite-plate\\\/\"]}]},{\"@type\":\"ImageObject\",\"inLanguage\":\"en-US\",\"@id\":\"https:\\\/\\\/www.santesommeildrlechner.ca\\\/en\\\/bite-plate\\\/#primaryimage\",\"url\":\"https:\\\/\\\/www.santesommeildrlechner.ca\\\/wp-content\\\/uploads\\\/2022\\\/04\\\/entete-5.jpg\",\"contentUrl\":\"https:\\\/\\\/www.santesommeildrlechner.ca\\\/wp-content\\\/uploads\\\/2022\\\/04\\\/entete-5.jpg\",\"width\":1300,\"height\":428},{\"@type\":\"BreadcrumbList\",\"@id\":\"https:\\\/\\\/www.santesommeildrlechner.ca\\\/en\\\/bite-plate\\\/#breadcrumb\",\"itemListElement\":[{\"@type\":\"ListItem\",\"position\":1,\"name\":\"Accueil\",\"item\":\"https:\\\/\\\/www.santesommeildrlechner.ca\\\/en\\\/\"},{\"@type\":\"ListItem\",\"position\":2,\"name\":\"Bite plate\"}]},{\"@type\":\"WebSite\",\"@id\":\"https:\\\/\\\/www.santesommeildrlechner.ca\\\/en\\\/#website\",\"url\":\"https:\\\/\\\/www.santesommeildrlechner.ca\\\/en\\\/\",\"name\":\"Clinique Sant\u00e9 Sommeil Dr Lechner\",\"description\":\"Clinique Sant\u00e9 Sommeil Prisma mise sur une approche multidisciplinaire pour prendre en charge les troubles du sommeil li\u00e9s \u00e0 la sant\u00e9 buccodentaire\",\"potentialAction\":[{\"@type\":\"SearchAction\",\"target\":{\"@type\":\"EntryPoint\",\"urlTemplate\":\"https:\\\/\\\/www.santesommeildrlechner.ca\\\/en\\\/?s={search_term_string}\"},\"query-input\":{\"@type\":\"PropertyValueSpecification\",\"valueRequired\":true,\"valueName\":\"search_term_string\"}}],\"inLanguage\":\"en-US\"}]}<\/script>\n<!-- \/ Yoast SEO plugin. -->","yoast_head_json":{"title":"Bite plate - Clinique Sant\u00e9 Sommeil Dr Lechner","robots":{"index":"index","follow":"follow","max-snippet":"max-snippet:-1","max-image-preview":"max-image-preview:large","max-video-preview":"max-video-preview:-1"},"canonical":"https:\/\/www.santesommeildrlechner.ca\/en\/bite-plate\/","og_locale":"en_US","og_type":"article","og_title":"Bite plate - Clinique Sant\u00e9 Sommeil Dr Lechner","og_description":"A bite plate is an acrylic tray that can be worn day or night. It prevents the upper teeth from coming into contact with the lower teeth and helps the jaw muscles relax. During a consultation to treat a migraine or bruxism problem, your dentist and\/or sleep professional will recommend either a bite plate or [&hellip;]","og_url":"https:\/\/www.santesommeildrlechner.ca\/en\/bite-plate\/","og_site_name":"Clinique Sant\u00e9 Sommeil Dr Lechner","article_modified_time":"2022-05-31T19:29:37+00:00","og_image":[{"width":1300,"height":428,"url":"https:\/\/www.santesommeildrlechner.ca\/wp-content\/uploads\/2022\/04\/entete-5.jpg","type":"image\/jpeg"}],"twitter_card":"summary_large_image","twitter_misc":{"Est. reading time":"1 minute"},"schema":{"@context":"https:\/\/schema.org","@graph":[{"@type":"WebPage","@id":"https:\/\/www.santesommeildrlechner.ca\/en\/bite-plate\/","url":"https:\/\/www.santesommeildrlechner.ca\/en\/bite-plate\/","name":"Bite plate - Clinique Sant\u00e9 Sommeil Dr Lechner","isPartOf":{"@id":"https:\/\/www.santesommeildrlechner.ca\/en\/#website"},"primaryImageOfPage":{"@id":"https:\/\/www.santesommeildrlechner.ca\/en\/bite-plate\/#primaryimage"},"image":{"@id":"https:\/\/www.santesommeildrlechner.ca\/en\/bite-plate\/#primaryimage"},"thumbnailUrl":"https:\/\/www.santesommeildrlechner.ca\/wp-content\/uploads\/2022\/04\/entete-5.jpg","datePublished":"2022-03-17T03:53:01+00:00","dateModified":"2022-05-31T19:29:37+00:00","breadcrumb":{"@id":"https:\/\/www.santesommeildrlechner.ca\/en\/bite-plate\/#breadcrumb"},"inLanguage":"en-US","potentialAction":[{"@type":"ReadAction","target":["https:\/\/www.santesommeildrlechner.ca\/en\/bite-plate\/"]}]},{"@type":"ImageObject","inLanguage":"en-US","@id":"https:\/\/www.santesommeildrlechner.ca\/en\/bite-plate\/#primaryimage","url":"https:\/\/www.santesommeildrlechner.ca\/wp-content\/uploads\/2022\/04\/entete-5.jpg","contentUrl":"https:\/\/www.santesommeildrlechner.ca\/wp-content\/uploads\/2022\/04\/entete-5.jpg","width":1300,"height":428},{"@type":"BreadcrumbList","@id":"https:\/\/www.santesommeildrlechner.ca\/en\/bite-plate\/#breadcrumb","itemListElement":[{"@type":"ListItem","position":1,"name":"Accueil","item":"https:\/\/www.santesommeildrlechner.ca\/en\/"},{"@type":"ListItem","position":2,"name":"Bite plate"}]},{"@type":"WebSite","@id":"https:\/\/www.santesommeildrlechner.ca\/en\/#website","url":"https:\/\/www.santesommeildrlechner.ca\/en\/","name":"Clinique Sant\u00e9 Sommeil Dr Lechner","description":"Clinique Sant\u00e9 Sommeil Prisma mise sur une approche multidisciplinaire pour prendre en charge les troubles du sommeil li\u00e9s \u00e0 la sant\u00e9 buccodentaire","potentialAction":[{"@type":"SearchAction","target":{"@type":"EntryPoint","urlTemplate":"https:\/\/www.santesommeildrlechner.ca\/en\/?s={search_term_string}"},"query-input":{"@type":"PropertyValueSpecification","valueRequired":true,"valueName":"search_term_string"}}],"inLanguage":"en-US"}]}},"_links":{"self":[{"href":"https:\/\/www.santesommeildrlechner.ca\/en\/wp-json\/wp\/v2\/pages\/536","targetHints":{"allow":["GET"]}}],"collection":[{"href":"https:\/\/www.santesommeildrlechner.ca\/en\/wp-json\/wp\/v2\/pages"}],"about":[{"href":"https:\/\/www.santesommeildrlechner.ca\/en\/wp-json\/wp\/v2\/types\/page"}],"author":[{"embeddable":true,"href":"https:\/\/www.santesommeildrlechner.ca\/en\/wp-json\/wp\/v2\/users\/1"}],"replies":[{"embeddable":true,"href":"https:\/\/www.santesommeildrlechner.ca\/en\/wp-json\/wp\/v2\/comments?post=536"}],"version-history":[{"count":14,"href":"https:\/\/www.santesommeildrlechner.ca\/en\/wp-json\/wp\/v2\/pages\/536\/revisions"}],"predecessor-version":[{"id":826,"href":"https:\/\/www.santesommeildrlechner.ca\/en\/wp-json\/wp\/v2\/pages\/536\/revisions\/826"}],"wp:featuredmedia":[{"embeddable":true,"href":"https:\/\/www.santesommeildrlechner.ca\/en\/wp-json\/wp\/v2\/media\/420"}],"wp:attachment":[{"href":"https:\/\/www.santesommeildrlechner.ca\/en\/wp-json\/wp\/v2\/media?parent=536"}],"curies":[{"name":"wp","href":"https:\/\/api.w.org\/{rel}","templated":true}]}}