{"id":533,"date":"2022-03-17T12:00:21","date_gmt":"2022-03-17T16:00:21","guid":{"rendered":"https:\/\/sommeil.impulsionmedia.com\/?page_id=533"},"modified":"2022-05-18T23:25:08","modified_gmt":"2022-05-19T03:25:08","slug":"professionals","status":"publish","type":"page","link":"https:\/\/www.santesommeildrlechner.ca\/en\/professionals\/","title":{"rendered":"Professionals"},"content":{"rendered":"<h2>In Qu\u00e9bec, only a dentist can provide treatment for obstructive sleep apnea (AOC) using a mandibular advancement device.<\/h2>\n<p>This is why our team espouses a multidisciplinary approach promoting collaboration between the various health professionals involved in managing sleep apnea problems, including family doctors, general dentists, otorhinolaryngologists (ENT), pulmonologists, respiratory therapists, psychiatrists, etc.<\/p>\n<p>We will work with you at all times towards a common goal, which is to provide complementary therapies and interventions for your patient\u2019s health and well-being.<\/p>\n<h3>Why prescribe an apnea orthotic?<\/h3>\n<p><strong>\u00a0<\/strong>Although the CPAP mask is a recognized and effective solution, it is not suitable for everyone. Some patients may be claustrophobic or allergic to latex. Others breathe through their mouths or sleep on their sides. Some patients are looking for a solution that is less harmful to their relationship\u2019s harmony and intimacy. Lastly, for many, freedom of movement in bed, ease-of-use while travelling or privacy issues make the CPAP mask undesirable.<\/p>\n<p>When adhering to continuous and meticulous use of a CPAP mask is doubtful or could be detrimental to your patient's overall health, mandibular advancement devices \u2014 worn alone or alternately with the mask \u2014 are a solution to consider.<\/p>\n<h3>Before treatment<\/h3>\n<p><strong>\u00a0<\/strong>Your patient will need to provide a treatment request and diagnosis from you. The results of a sleep study must also be sent to us. This can be either a laboratory polysomnography or a cardiorespiratory polygraphy for sleep disorders (PCRS) done outside the laboratory within the last 5 years. This test may be requested again by the attending physician after the start of the advancement treatment, as a follow-up.<\/p>\n<p>Note that our dentists may also recommend possible repairs to the teeth before the initial impression is taken, since any change in the dentition could require stopping the current treatment and manufacturing new orthoses at an additional cost.<\/p>\n<p>For a technical overview of how orthoses are manufactured, watch Dr. Lechner's presentation produced for the Association pulmonaire du Qu\u00e9bec\u2019s YouTube channel (in French only).<\/p>\n<div class=\"video-embed\">\n<p><iframe loading=\"lazy\" title=\"Apn\u00e9e mod\u00e9r\u00e9e ou l\u00e9g\u00e8re ? L&#039;orth\u00e8se d&#039;avancement mandibulaire : une alternative au CPAP\" width=\"640\" height=\"360\" src=\"https:\/\/www.youtube.com\/embed\/ec7_S4Tjrjk?feature=oembed\" frameborder=\"0\" allow=\"accelerometer; autoplay; clipboard-write; encrypted-media; gyroscope; picture-in-picture; web-share\" referrerpolicy=\"strict-origin-when-cross-origin\" allowfullscreen><\/iframe><\/p>\n<\/div>\n<h3>During treatment<\/h3>\n<p><strong>\u00a0<\/strong>The mandibular advancement treatment at our clinic includes:<\/p>\n<ul>\n<li>Consultation with treatment options<\/li>\n<li>Physical examination (Berlin, Epworth, STOP-BANG, Airway questionnaires, etc.)<\/li>\n<li>Fingerprinting<\/li>\n<li>The design of a mandibular advancement device with adjustments<\/li>\n<li>A diagnosis of any side effects<\/li>\n<li>Follow-up visits<\/li>\n<\/ul>\n<p>A follow-up visit to the attending physician or professional will be required 1 to 3 months after the installation of the AOS orthotic. Any change in the patient's dental and overall health status is communicated to the professionals on file.<\/p>\n<h3>After treatment<\/h3>\n<p>Our treatment plan includes regular follow-ups over a period of 3 to 5 years, in particular to check the appliance\u2019s fit, to re-evaluate the symptoms and to check the condition of the teeth.<\/p>\n<p>The final verification of the treatment\u2019s effectiveness is carried out by the attending physician who may rely on the signs and symptoms or prescribe a control test (PO, HRPO, HSAT, PSG).<\/p>\n<p><a href=\"\/en\/contact-us\/\"><strong>Contact us now<\/strong><\/a> to find out what options are available to your patient.<\/p>\n<p>&nbsp;<\/p>\n<div class=\"boite-holder\">\n<div class=\"boite-section\">\n<div class=\"text-1\"><strong>I\u2019m a healthcare professional<\/strong><\/div>\n<div class=\"text-2\">I need more information to help me treat my patients.<\/div>\n<p><a href=\"\/en\/contact-us\/\">Click here<\/a><\/p>\n<\/div>\n<\/div>\n","protected":false},"excerpt":{"rendered":"<p>In Qu\u00e9bec, only a dentist can provide treatment for obstructive sleep apnea (AOC) using a mandibular advancement device. This is why our team espouses a multidisciplinary approach promoting collaboration between the various health professionals involved in managing sleep apnea problems, including family doctors, general dentists, otorhinolaryngologists (ENT), pulmonologists, respiratory therapists, psychiatrists, etc. We will work [&hellip;]<\/p>\n","protected":false},"author":1,"featured_media":426,"parent":0,"menu_order":0,"comment_status":"closed","ping_status":"closed","template":"","meta":{"_acf_changed":false,"inline_featured_image":false,"footnotes":""},"class_list":["post-533","page","type-page","status-publish","has-post-thumbnail","hentry"],"acf":[],"yoast_head":"<!-- This site is optimized with the Yoast SEO plugin v27.4 - https:\/\/yoast.com\/product\/yoast-seo-wordpress\/ -->\n<title>Professionals - Clinique Sant\u00e9 Sommeil Dr Lechner<\/title>\n<meta name=\"robots\" content=\"index, follow, max-snippet:-1, max-image-preview:large, max-video-preview:-1\" \/>\n<link rel=\"canonical\" href=\"https:\/\/www.santesommeildrlechner.ca\/en\/professionals\/\" \/>\n<meta property=\"og:locale\" content=\"en_US\" \/>\n<meta property=\"og:type\" content=\"article\" \/>\n<meta property=\"og:title\" content=\"Professionals - Clinique Sant\u00e9 Sommeil Dr Lechner\" \/>\n<meta property=\"og:description\" content=\"In Qu\u00e9bec, only a dentist can provide treatment for obstructive sleep apnea (AOC) using a mandibular advancement device. This is why our team espouses a multidisciplinary approach promoting collaboration between the various health professionals involved in managing sleep apnea problems, including family doctors, general dentists, otorhinolaryngologists (ENT), pulmonologists, respiratory therapists, psychiatrists, etc. We will work [&hellip;]\" \/>\n<meta property=\"og:url\" content=\"https:\/\/www.santesommeildrlechner.ca\/en\/professionals\/\" \/>\n<meta property=\"og:site_name\" content=\"Clinique Sant\u00e9 Sommeil Dr Lechner\" \/>\n<meta property=\"article:modified_time\" content=\"2022-05-19T03:25:08+00:00\" \/>\n<meta property=\"og:image\" content=\"https:\/\/www.santesommeildrlechner.ca\/wp-content\/uploads\/2022\/04\/entete-8.jpg\" \/>\n\t<meta property=\"og:image:width\" content=\"1300\" \/>\n\t<meta property=\"og:image:height\" content=\"428\" \/>\n\t<meta property=\"og:image:type\" content=\"image\/jpeg\" \/>\n<meta name=\"twitter:card\" content=\"summary_large_image\" \/>\n<meta name=\"twitter:label1\" content=\"Est. reading time\" \/>\n\t<meta name=\"twitter:data1\" content=\"3 minutes\" \/>\n<script type=\"application\/ld+json\" class=\"yoast-schema-graph\">{\"@context\":\"https:\\\/\\\/schema.org\",\"@graph\":[{\"@type\":\"WebPage\",\"@id\":\"https:\\\/\\\/www.santesommeildrlechner.ca\\\/en\\\/professionals\\\/\",\"url\":\"https:\\\/\\\/www.santesommeildrlechner.ca\\\/en\\\/professionals\\\/\",\"name\":\"Professionals - Clinique Sant\u00e9 Sommeil Dr Lechner\",\"isPartOf\":{\"@id\":\"https:\\\/\\\/www.santesommeildrlechner.ca\\\/en\\\/#website\"},\"primaryImageOfPage\":{\"@id\":\"https:\\\/\\\/www.santesommeildrlechner.ca\\\/en\\\/professionals\\\/#primaryimage\"},\"image\":{\"@id\":\"https:\\\/\\\/www.santesommeildrlechner.ca\\\/en\\\/professionals\\\/#primaryimage\"},\"thumbnailUrl\":\"https:\\\/\\\/www.santesommeildrlechner.ca\\\/wp-content\\\/uploads\\\/2022\\\/04\\\/entete-8.jpg\",\"datePublished\":\"2022-03-17T16:00:21+00:00\",\"dateModified\":\"2022-05-19T03:25:08+00:00\",\"breadcrumb\":{\"@id\":\"https:\\\/\\\/www.santesommeildrlechner.ca\\\/en\\\/professionals\\\/#breadcrumb\"},\"inLanguage\":\"en-US\",\"potentialAction\":[{\"@type\":\"ReadAction\",\"target\":[\"https:\\\/\\\/www.santesommeildrlechner.ca\\\/en\\\/professionals\\\/\"]}]},{\"@type\":\"ImageObject\",\"inLanguage\":\"en-US\",\"@id\":\"https:\\\/\\\/www.santesommeildrlechner.ca\\\/en\\\/professionals\\\/#primaryimage\",\"url\":\"https:\\\/\\\/www.santesommeildrlechner.ca\\\/wp-content\\\/uploads\\\/2022\\\/04\\\/entete-8.jpg\",\"contentUrl\":\"https:\\\/\\\/www.santesommeildrlechner.ca\\\/wp-content\\\/uploads\\\/2022\\\/04\\\/entete-8.jpg\",\"width\":1300,\"height\":428},{\"@type\":\"BreadcrumbList\",\"@id\":\"https:\\\/\\\/www.santesommeildrlechner.ca\\\/en\\\/professionals\\\/#breadcrumb\",\"itemListElement\":[{\"@type\":\"ListItem\",\"position\":1,\"name\":\"Accueil\",\"item\":\"https:\\\/\\\/www.santesommeildrlechner.ca\\\/en\\\/\"},{\"@type\":\"ListItem\",\"position\":2,\"name\":\"Professionals\"}]},{\"@type\":\"WebSite\",\"@id\":\"https:\\\/\\\/www.santesommeildrlechner.ca\\\/en\\\/#website\",\"url\":\"https:\\\/\\\/www.santesommeildrlechner.ca\\\/en\\\/\",\"name\":\"Clinique Sant\u00e9 Sommeil Dr Lechner\",\"description\":\"Clinique Sant\u00e9 Sommeil Prisma mise sur une approche multidisciplinaire pour prendre en charge les troubles du sommeil li\u00e9s \u00e0 la sant\u00e9 buccodentaire\",\"potentialAction\":[{\"@type\":\"SearchAction\",\"target\":{\"@type\":\"EntryPoint\",\"urlTemplate\":\"https:\\\/\\\/www.santesommeildrlechner.ca\\\/en\\\/?s={search_term_string}\"},\"query-input\":{\"@type\":\"PropertyValueSpecification\",\"valueRequired\":true,\"valueName\":\"search_term_string\"}}],\"inLanguage\":\"en-US\"}]}<\/script>\n<!-- \/ Yoast SEO plugin. -->","yoast_head_json":{"title":"Professionals - Clinique Sant\u00e9 Sommeil Dr Lechner","robots":{"index":"index","follow":"follow","max-snippet":"max-snippet:-1","max-image-preview":"max-image-preview:large","max-video-preview":"max-video-preview:-1"},"canonical":"https:\/\/www.santesommeildrlechner.ca\/en\/professionals\/","og_locale":"en_US","og_type":"article","og_title":"Professionals - Clinique Sant\u00e9 Sommeil Dr Lechner","og_description":"In Qu\u00e9bec, only a dentist can provide treatment for obstructive sleep apnea (AOC) using a mandibular advancement device. This is why our team espouses a multidisciplinary approach promoting collaboration between the various health professionals involved in managing sleep apnea problems, including family doctors, general dentists, otorhinolaryngologists (ENT), pulmonologists, respiratory therapists, psychiatrists, etc. We will work [&hellip;]","og_url":"https:\/\/www.santesommeildrlechner.ca\/en\/professionals\/","og_site_name":"Clinique Sant\u00e9 Sommeil Dr Lechner","article_modified_time":"2022-05-19T03:25:08+00:00","og_image":[{"width":1300,"height":428,"url":"https:\/\/www.santesommeildrlechner.ca\/wp-content\/uploads\/2022\/04\/entete-8.jpg","type":"image\/jpeg"}],"twitter_card":"summary_large_image","twitter_misc":{"Est. reading time":"3 minutes"},"schema":{"@context":"https:\/\/schema.org","@graph":[{"@type":"WebPage","@id":"https:\/\/www.santesommeildrlechner.ca\/en\/professionals\/","url":"https:\/\/www.santesommeildrlechner.ca\/en\/professionals\/","name":"Professionals - Clinique Sant\u00e9 Sommeil Dr Lechner","isPartOf":{"@id":"https:\/\/www.santesommeildrlechner.ca\/en\/#website"},"primaryImageOfPage":{"@id":"https:\/\/www.santesommeildrlechner.ca\/en\/professionals\/#primaryimage"},"image":{"@id":"https:\/\/www.santesommeildrlechner.ca\/en\/professionals\/#primaryimage"},"thumbnailUrl":"https:\/\/www.santesommeildrlechner.ca\/wp-content\/uploads\/2022\/04\/entete-8.jpg","datePublished":"2022-03-17T16:00:21+00:00","dateModified":"2022-05-19T03:25:08+00:00","breadcrumb":{"@id":"https:\/\/www.santesommeildrlechner.ca\/en\/professionals\/#breadcrumb"},"inLanguage":"en-US","potentialAction":[{"@type":"ReadAction","target":["https:\/\/www.santesommeildrlechner.ca\/en\/professionals\/"]}]},{"@type":"ImageObject","inLanguage":"en-US","@id":"https:\/\/www.santesommeildrlechner.ca\/en\/professionals\/#primaryimage","url":"https:\/\/www.santesommeildrlechner.ca\/wp-content\/uploads\/2022\/04\/entete-8.jpg","contentUrl":"https:\/\/www.santesommeildrlechner.ca\/wp-content\/uploads\/2022\/04\/entete-8.jpg","width":1300,"height":428},{"@type":"BreadcrumbList","@id":"https:\/\/www.santesommeildrlechner.ca\/en\/professionals\/#breadcrumb","itemListElement":[{"@type":"ListItem","position":1,"name":"Accueil","item":"https:\/\/www.santesommeildrlechner.ca\/en\/"},{"@type":"ListItem","position":2,"name":"Professionals"}]},{"@type":"WebSite","@id":"https:\/\/www.santesommeildrlechner.ca\/en\/#website","url":"https:\/\/www.santesommeildrlechner.ca\/en\/","name":"Clinique Sant\u00e9 Sommeil Dr Lechner","description":"Clinique Sant\u00e9 Sommeil Prisma mise sur une approche multidisciplinaire pour prendre en charge les troubles du sommeil li\u00e9s \u00e0 la sant\u00e9 buccodentaire","potentialAction":[{"@type":"SearchAction","target":{"@type":"EntryPoint","urlTemplate":"https:\/\/www.santesommeildrlechner.ca\/en\/?s={search_term_string}"},"query-input":{"@type":"PropertyValueSpecification","valueRequired":true,"valueName":"search_term_string"}}],"inLanguage":"en-US"}]}},"_links":{"self":[{"href":"https:\/\/www.santesommeildrlechner.ca\/en\/wp-json\/wp\/v2\/pages\/533","targetHints":{"allow":["GET"]}}],"collection":[{"href":"https:\/\/www.santesommeildrlechner.ca\/en\/wp-json\/wp\/v2\/pages"}],"about":[{"href":"https:\/\/www.santesommeildrlechner.ca\/en\/wp-json\/wp\/v2\/types\/page"}],"author":[{"embeddable":true,"href":"https:\/\/www.santesommeildrlechner.ca\/en\/wp-json\/wp\/v2\/users\/1"}],"replies":[{"embeddable":true,"href":"https:\/\/www.santesommeildrlechner.ca\/en\/wp-json\/wp\/v2\/comments?post=533"}],"version-history":[{"count":6,"href":"https:\/\/www.santesommeildrlechner.ca\/en\/wp-json\/wp\/v2\/pages\/533\/revisions"}],"predecessor-version":[{"id":770,"href":"https:\/\/www.santesommeildrlechner.ca\/en\/wp-json\/wp\/v2\/pages\/533\/revisions\/770"}],"wp:featuredmedia":[{"embeddable":true,"href":"https:\/\/www.santesommeildrlechner.ca\/en\/wp-json\/wp\/v2\/media\/426"}],"wp:attachment":[{"href":"https:\/\/www.santesommeildrlechner.ca\/en\/wp-json\/wp\/v2\/media?parent=533"}],"curies":[{"name":"wp","href":"https:\/\/api.w.org\/{rel}","templated":true}]}}