{"id":527,"date":"2022-03-16T22:06:10","date_gmt":"2022-03-17T02:06:10","guid":{"rendered":"https:\/\/sommeil.impulsionmedia.com\/?page_id=527"},"modified":"2022-05-18T23:00:50","modified_gmt":"2022-05-19T03:00:50","slug":"snoring","status":"publish","type":"page","link":"https:\/\/www.santesommeildrlechner.ca\/en\/snoring\/","title":{"rendered":"Snoring"},"content":{"rendered":"<h2>According to statistics, 40% of Canadians snore, a disturbing disorder for those around you that worsens with time, age and weight gain. <\/h2>\n<p>Snoring is the sound of a person's breathing when they sleep. When we sleep, our tongue and the tissues in the back of the throat relax, which can lead to snoring in some people. Although snoring affects mostly men, women and even children snore, which can exacerbate attention deficit disorders, for example.<\/p>\n<p>Although not an immediate health threat, snoring can create relationship struggles for couples. It can also signal the presence of obstructive sleep apnea.<\/p>\n<div class=\"video-embed\"><script language=\"javascript\">document.write(insertClip(\"8-snoring\", rootEn,  \"100%\", \"400\"));<\/script><iframe loading=\"lazy\" src=\"https:\/\/video.servdentist.com\/codes\/validator.php?clip=8_snoring&amp;locale=en \" width=\"100%\" height=\"100%\" frameborder=\"0\" marginwidth=\"0\" marginheight=\"0\" scrolling=\"no\" allowfullscreen=\"allowfullscreen\"><\/iframe><\/div>\n<h3>Certain conditions can cause or amplify snoring, such as:<\/h3>\n<ul>\n<li> Pregnancy <\/li>\n<li>Being overweight<\/li>\n<li>Having large tonsils<\/li>\n<li>Allergies <\/li>\n<li>Respiratory tract infections<\/li>\n<\/ul>\n<p>Proven solutions like nasal cones and oral appliances can stop snoring. Getting your health condition checked through an in-depth examination will determine the treatment that applies to your situation. <\/p>\n<p><a href=\"\/en\/contact-page\/\"><strong>Contact us now<\/strong><\/a> for a consultation.<\/p>\n<h2>Do you know about MAX-AIR nose cones?<\/h2>\n<p>MAX-AIR nose cones reduce snoring and nasal congestion caused by CPAP masks and braces. They are virtually invisible and are made of a soft, transparent, hypoallergenic medical material that is latex- and adhesive-free. <a href=\"https:\/\/www.maxairnosecones.com\/)\">Click here to learn more<\/a>.<\/p>\n","protected":false},"excerpt":{"rendered":"<p>According to statistics, 40% of Canadians snore, a disturbing disorder for those around you that worsens with time, age and weight gain. Snoring is the sound of a person&#8217;s breathing when they sleep. When we sleep, our tongue and the tissues in the back of the throat relax, which can lead to snoring in some [&hellip;]<\/p>\n","protected":false},"author":1,"featured_media":414,"parent":0,"menu_order":0,"comment_status":"closed","ping_status":"closed","template":"","meta":{"_acf_changed":false,"inline_featured_image":false,"footnotes":""},"class_list":["post-527","page","type-page","status-publish","has-post-thumbnail","hentry"],"acf":[],"yoast_head":"<!-- This site is optimized with the Yoast SEO plugin v27.4 - https:\/\/yoast.com\/product\/yoast-seo-wordpress\/ -->\n<title>Snoring - Clinique Sant\u00e9 Sommeil Dr Lechner<\/title>\n<meta name=\"robots\" content=\"index, follow, max-snippet:-1, max-image-preview:large, max-video-preview:-1\" \/>\n<link rel=\"canonical\" href=\"https:\/\/www.santesommeildrlechner.ca\/en\/snoring\/\" \/>\n<meta property=\"og:locale\" content=\"en_US\" \/>\n<meta property=\"og:type\" content=\"article\" \/>\n<meta property=\"og:title\" content=\"Snoring - Clinique Sant\u00e9 Sommeil Dr Lechner\" \/>\n<meta property=\"og:description\" content=\"According to statistics, 40% of Canadians snore, a disturbing disorder for those around you that worsens with time, age and weight gain. Snoring is the sound of a person&#039;s breathing when they sleep. When we sleep, our tongue and the tissues in the back of the throat relax, which can lead to snoring in some [&hellip;]\" \/>\n<meta property=\"og:url\" content=\"https:\/\/www.santesommeildrlechner.ca\/en\/snoring\/\" \/>\n<meta property=\"og:site_name\" content=\"Clinique Sant\u00e9 Sommeil Dr Lechner\" \/>\n<meta property=\"article:modified_time\" content=\"2022-05-19T03:00:50+00:00\" \/>\n<meta property=\"og:image\" content=\"https:\/\/www.santesommeildrlechner.ca\/wp-content\/uploads\/2022\/04\/entete-2.jpg\" \/>\n\t<meta property=\"og:image:width\" content=\"1300\" \/>\n\t<meta property=\"og:image:height\" content=\"428\" \/>\n\t<meta property=\"og:image:type\" content=\"image\/jpeg\" \/>\n<meta name=\"twitter:card\" content=\"summary_large_image\" \/>\n<meta name=\"twitter:label1\" content=\"Est. reading time\" \/>\n\t<meta name=\"twitter:data1\" content=\"1 minute\" \/>\n<script type=\"application\/ld+json\" class=\"yoast-schema-graph\">{\"@context\":\"https:\\\/\\\/schema.org\",\"@graph\":[{\"@type\":\"WebPage\",\"@id\":\"https:\\\/\\\/www.santesommeildrlechner.ca\\\/en\\\/snoring\\\/\",\"url\":\"https:\\\/\\\/www.santesommeildrlechner.ca\\\/en\\\/snoring\\\/\",\"name\":\"Snoring - Clinique Sant\u00e9 Sommeil Dr Lechner\",\"isPartOf\":{\"@id\":\"https:\\\/\\\/www.santesommeildrlechner.ca\\\/en\\\/#website\"},\"primaryImageOfPage\":{\"@id\":\"https:\\\/\\\/www.santesommeildrlechner.ca\\\/en\\\/snoring\\\/#primaryimage\"},\"image\":{\"@id\":\"https:\\\/\\\/www.santesommeildrlechner.ca\\\/en\\\/snoring\\\/#primaryimage\"},\"thumbnailUrl\":\"https:\\\/\\\/www.santesommeildrlechner.ca\\\/wp-content\\\/uploads\\\/2022\\\/04\\\/entete-2.jpg\",\"datePublished\":\"2022-03-17T02:06:10+00:00\",\"dateModified\":\"2022-05-19T03:00:50+00:00\",\"breadcrumb\":{\"@id\":\"https:\\\/\\\/www.santesommeildrlechner.ca\\\/en\\\/snoring\\\/#breadcrumb\"},\"inLanguage\":\"en-US\",\"potentialAction\":[{\"@type\":\"ReadAction\",\"target\":[\"https:\\\/\\\/www.santesommeildrlechner.ca\\\/en\\\/snoring\\\/\"]}]},{\"@type\":\"ImageObject\",\"inLanguage\":\"en-US\",\"@id\":\"https:\\\/\\\/www.santesommeildrlechner.ca\\\/en\\\/snoring\\\/#primaryimage\",\"url\":\"https:\\\/\\\/www.santesommeildrlechner.ca\\\/wp-content\\\/uploads\\\/2022\\\/04\\\/entete-2.jpg\",\"contentUrl\":\"https:\\\/\\\/www.santesommeildrlechner.ca\\\/wp-content\\\/uploads\\\/2022\\\/04\\\/entete-2.jpg\",\"width\":1300,\"height\":428},{\"@type\":\"BreadcrumbList\",\"@id\":\"https:\\\/\\\/www.santesommeildrlechner.ca\\\/en\\\/snoring\\\/#breadcrumb\",\"itemListElement\":[{\"@type\":\"ListItem\",\"position\":1,\"name\":\"Accueil\",\"item\":\"https:\\\/\\\/www.santesommeildrlechner.ca\\\/en\\\/\"},{\"@type\":\"ListItem\",\"position\":2,\"name\":\"Snoring\"}]},{\"@type\":\"WebSite\",\"@id\":\"https:\\\/\\\/www.santesommeildrlechner.ca\\\/en\\\/#website\",\"url\":\"https:\\\/\\\/www.santesommeildrlechner.ca\\\/en\\\/\",\"name\":\"Clinique Sant\u00e9 Sommeil Dr Lechner\",\"description\":\"Clinique Sant\u00e9 Sommeil Prisma mise sur une approche multidisciplinaire pour prendre en charge les troubles du sommeil li\u00e9s \u00e0 la sant\u00e9 buccodentaire\",\"potentialAction\":[{\"@type\":\"SearchAction\",\"target\":{\"@type\":\"EntryPoint\",\"urlTemplate\":\"https:\\\/\\\/www.santesommeildrlechner.ca\\\/en\\\/?s={search_term_string}\"},\"query-input\":{\"@type\":\"PropertyValueSpecification\",\"valueRequired\":true,\"valueName\":\"search_term_string\"}}],\"inLanguage\":\"en-US\"}]}<\/script>\n<!-- \/ Yoast SEO plugin. -->","yoast_head_json":{"title":"Snoring - Clinique Sant\u00e9 Sommeil Dr Lechner","robots":{"index":"index","follow":"follow","max-snippet":"max-snippet:-1","max-image-preview":"max-image-preview:large","max-video-preview":"max-video-preview:-1"},"canonical":"https:\/\/www.santesommeildrlechner.ca\/en\/snoring\/","og_locale":"en_US","og_type":"article","og_title":"Snoring - Clinique Sant\u00e9 Sommeil Dr Lechner","og_description":"According to statistics, 40% of Canadians snore, a disturbing disorder for those around you that worsens with time, age and weight gain. Snoring is the sound of a person's breathing when they sleep. When we sleep, our tongue and the tissues in the back of the throat relax, which can lead to snoring in some [&hellip;]","og_url":"https:\/\/www.santesommeildrlechner.ca\/en\/snoring\/","og_site_name":"Clinique Sant\u00e9 Sommeil Dr Lechner","article_modified_time":"2022-05-19T03:00:50+00:00","og_image":[{"width":1300,"height":428,"url":"https:\/\/www.santesommeildrlechner.ca\/wp-content\/uploads\/2022\/04\/entete-2.jpg","type":"image\/jpeg"}],"twitter_card":"summary_large_image","twitter_misc":{"Est. reading time":"1 minute"},"schema":{"@context":"https:\/\/schema.org","@graph":[{"@type":"WebPage","@id":"https:\/\/www.santesommeildrlechner.ca\/en\/snoring\/","url":"https:\/\/www.santesommeildrlechner.ca\/en\/snoring\/","name":"Snoring - Clinique Sant\u00e9 Sommeil Dr Lechner","isPartOf":{"@id":"https:\/\/www.santesommeildrlechner.ca\/en\/#website"},"primaryImageOfPage":{"@id":"https:\/\/www.santesommeildrlechner.ca\/en\/snoring\/#primaryimage"},"image":{"@id":"https:\/\/www.santesommeildrlechner.ca\/en\/snoring\/#primaryimage"},"thumbnailUrl":"https:\/\/www.santesommeildrlechner.ca\/wp-content\/uploads\/2022\/04\/entete-2.jpg","datePublished":"2022-03-17T02:06:10+00:00","dateModified":"2022-05-19T03:00:50+00:00","breadcrumb":{"@id":"https:\/\/www.santesommeildrlechner.ca\/en\/snoring\/#breadcrumb"},"inLanguage":"en-US","potentialAction":[{"@type":"ReadAction","target":["https:\/\/www.santesommeildrlechner.ca\/en\/snoring\/"]}]},{"@type":"ImageObject","inLanguage":"en-US","@id":"https:\/\/www.santesommeildrlechner.ca\/en\/snoring\/#primaryimage","url":"https:\/\/www.santesommeildrlechner.ca\/wp-content\/uploads\/2022\/04\/entete-2.jpg","contentUrl":"https:\/\/www.santesommeildrlechner.ca\/wp-content\/uploads\/2022\/04\/entete-2.jpg","width":1300,"height":428},{"@type":"BreadcrumbList","@id":"https:\/\/www.santesommeildrlechner.ca\/en\/snoring\/#breadcrumb","itemListElement":[{"@type":"ListItem","position":1,"name":"Accueil","item":"https:\/\/www.santesommeildrlechner.ca\/en\/"},{"@type":"ListItem","position":2,"name":"Snoring"}]},{"@type":"WebSite","@id":"https:\/\/www.santesommeildrlechner.ca\/en\/#website","url":"https:\/\/www.santesommeildrlechner.ca\/en\/","name":"Clinique Sant\u00e9 Sommeil Dr Lechner","description":"Clinique Sant\u00e9 Sommeil Prisma mise sur une approche multidisciplinaire pour prendre en charge les troubles du sommeil li\u00e9s \u00e0 la sant\u00e9 buccodentaire","potentialAction":[{"@type":"SearchAction","target":{"@type":"EntryPoint","urlTemplate":"https:\/\/www.santesommeildrlechner.ca\/en\/?s={search_term_string}"},"query-input":{"@type":"PropertyValueSpecification","valueRequired":true,"valueName":"search_term_string"}}],"inLanguage":"en-US"}]}},"_links":{"self":[{"href":"https:\/\/www.santesommeildrlechner.ca\/en\/wp-json\/wp\/v2\/pages\/527","targetHints":{"allow":["GET"]}}],"collection":[{"href":"https:\/\/www.santesommeildrlechner.ca\/en\/wp-json\/wp\/v2\/pages"}],"about":[{"href":"https:\/\/www.santesommeildrlechner.ca\/en\/wp-json\/wp\/v2\/types\/page"}],"author":[{"embeddable":true,"href":"https:\/\/www.santesommeildrlechner.ca\/en\/wp-json\/wp\/v2\/users\/1"}],"replies":[{"embeddable":true,"href":"https:\/\/www.santesommeildrlechner.ca\/en\/wp-json\/wp\/v2\/comments?post=527"}],"version-history":[{"count":6,"href":"https:\/\/www.santesommeildrlechner.ca\/en\/wp-json\/wp\/v2\/pages\/527\/revisions"}],"predecessor-version":[{"id":760,"href":"https:\/\/www.santesommeildrlechner.ca\/en\/wp-json\/wp\/v2\/pages\/527\/revisions\/760"}],"wp:featuredmedia":[{"embeddable":true,"href":"https:\/\/www.santesommeildrlechner.ca\/en\/wp-json\/wp\/v2\/media\/414"}],"wp:attachment":[{"href":"https:\/\/www.santesommeildrlechner.ca\/en\/wp-json\/wp\/v2\/media?parent=527"}],"curies":[{"name":"wp","href":"https:\/\/api.w.org\/{rel}","templated":true}]}}