{"id":524,"date":"2022-03-16T23:18:44","date_gmt":"2022-03-17T03:18:44","guid":{"rendered":"https:\/\/sommeil.impulsionmedia.com\/?page_id=524"},"modified":"2022-05-25T22:46:24","modified_gmt":"2022-05-26T02:46:24","slug":"sleep","status":"publish","type":"page","link":"https:\/\/www.santesommeildrlechner.ca\/en\/sleep\/","title":{"rendered":"Sleep"},"content":{"rendered":"<h2>You don't want to sleep with a mask over your mouth and nose? Or are you looking for an easy and discreet solution for intimate evenings or while travelling?<\/h2>\n<p>Apnea orthotics will fit a variety of budgets and lifestyles. Contact us now for a consultation and explore the options available to you to improve your sleep and protect your health.<\/p>\n<h3>Who can wear a mandibular advancement device?<\/h3>\n<p>Anyone suffering from mild to moderate sleep apnea can find relief by wearing a dental orthotic during their night's sleep.<\/p>\n<p>This type of brace can be worn as a replacement or alternate for a CPAP mask as recommended by healthcare professionals. In fact, a CPAP mask is not always suitable at all times. Some people who are claustrophobic or allergic to latex cannot tolerate it. It can also be problematic for people who breathe through their mouths or sleep on their side. Lastly, for many patients, freedom of movement in bed is paramount. There are also times when travelling to work or sunny destinations with a CPAP mask is simply not suitable.<\/p>\n<h3>\u00a0What is a mandibular advancement device?<\/h3>\n<p><strong>\u00a0<\/strong>The mandibular advancement device, or AOS, is similar to a hockey mouth guard. It advances the tongue or moves the jaw forward to clear the airways. These custom-made orthoses are comfortable and easy-to-use and can replace the CPAP mask or be used as an alternative, for example when travelling, at a hotel, etc.<\/p>\n<p>Warning! In Qu\u00e9bec, only a dentist can provide treatment for obstructive sleep apnea (OCA) using a mandibular advancement device. Wearing a generic dental orthotic, purchased in stores or online, is strongly discouraged. Apnea braces should be custom-made to your teeth and jaw structure. An ill-fitting brace can cause serious complications for your health by changing the occlusion and position of the jaw, for example.<\/p>\n<h3>How to choose the right dental brace for you?<\/h3>\n<p><strong>\u00a0<\/strong>Apnea braces are clinically proven to fit a variety of budgets and lifestyles. Depending on the severity of your apnea (mild, moderate, severe), as well as your lifestyle and your budget, various models of mandibular advancement devices are available to you. The professionals at the Dr. Lechner Sleep Health Clinic have selected three recognized brands, which have proven themselves in terms of comfort, ease-of-use and results. Speak to one of our dentists to find the best choice for you.<\/p>\n<div class=\"product-list-holder\">\n<div class=\"product-row\">\n<div class=\"product-image-right\"><a href=\"\/en\/sleep-somnodent-somnomed\"><img loading=\"lazy\" decoding=\"async\" class=\"alignnone size-full wp-image-61\" src=\"https:\/\/sommeil.impulsionmedia.com\/wp-content\/uploads\/2022\/03\/Ortheses-d-avancement-Somnodent.jpg\" alt=\"SomnoDent\/SomnoMed Advancement device\" width=\"650\" height=\"277\" srcset=\"https:\/\/www.santesommeildrlechner.ca\/wp-content\/uploads\/2022\/03\/Ortheses-d-avancement-Somnodent.jpg 650w, https:\/\/www.santesommeildrlechner.ca\/wp-content\/uploads\/2022\/03\/Ortheses-d-avancement-Somnodent-300x128.jpg 300w\" sizes=\"auto, (max-width: 650px) 100vw, 650px\" \/><\/a><\/div>\n<div class=\"product-content-left nomargin\"><a href=\"\/en\/sleep-somnodent-somnomed\/\">SomnoDent\/SomnoMed<br \/>Advancement device<\/a><\/div>\n<\/div>\n<div class=\"product-row\">\n<div class=\"product-image-right\"><a href=\"\/en\/sleep-panthera\/\"><img loading=\"lazy\" decoding=\"async\" class=\"alignleft wp-image-347 size-full\" src=\"https:\/\/sommeil.impulsionmedia.com\/wp-content\/uploads\/2022\/04\/Panthera-X3.jpg\" alt=\"Panthera X3 Anti-snoring appliance\" width=\"650\" height=\"277\" srcset=\"https:\/\/www.santesommeildrlechner.ca\/wp-content\/uploads\/2022\/04\/Panthera-X3.jpg 650w, https:\/\/www.santesommeildrlechner.ca\/wp-content\/uploads\/2022\/04\/Panthera-X3-300x128.jpg 300w\" sizes=\"auto, (max-width: 650px) 100vw, 650px\" \/><\/a><\/div>\n<div class=\"product-content-left nomargin\"><a href=\"\/en\/sleep-panthera\/\">Panthera<br \/>Anti-snoring appliance<\/a><\/div>\n<\/div>\n<div class=\"product-row\">\n<div class=\"product-image-right\"><a href=\"\/en\/sleep-prosomnus\/\"><img loading=\"lazy\" decoding=\"async\" class=\"alignnone size-full wp-image-59\" src=\"https:\/\/sommeil.impulsionmedia.com\/wp-content\/uploads\/2022\/03\/orthese-d-avancement-mandibulaire-prosomnus.jpg\" alt=\"ProSomnus< Advancement devic\" width=\"650\" height=\"277\" srcset=\"https:\/\/www.santesommeildrlechner.ca\/wp-content\/uploads\/2022\/03\/orthese-d-avancement-mandibulaire-prosomnus.jpg 650w, https:\/\/www.santesommeildrlechner.ca\/wp-content\/uploads\/2022\/03\/orthese-d-avancement-mandibulaire-prosomnus-300x128.jpg 300w\" sizes=\"auto, (max-width: 650px) 100vw, 650px\" \/><\/a><\/div>\n<div class=\"product-content-left nomargin\"><a href=\"\/en\/sleep-prosomnus\/\">ProSomnus<br \/>Advancement device<\/a><\/div>\n<\/div>\n<\/div>\n","protected":false},"excerpt":{"rendered":"<p>You don&#8217;t want to sleep with a mask over your mouth and nose? Or are you looking for an easy and discreet solution for intimate evenings or while travelling? Apnea orthotics will fit a variety of budgets and lifestyles. Contact us now for a consultation and explore the options available to you to improve your [&hellip;]<\/p>\n","protected":false},"author":1,"featured_media":424,"parent":0,"menu_order":0,"comment_status":"closed","ping_status":"closed","template":"","meta":{"_acf_changed":false,"inline_featured_image":false,"footnotes":""},"class_list":["post-524","page","type-page","status-publish","has-post-thumbnail","hentry"],"acf":[],"yoast_head":"<!-- This site is optimized with the Yoast SEO plugin v27.4 - https:\/\/yoast.com\/product\/yoast-seo-wordpress\/ -->\n<title>Sleep - Clinique Sant\u00e9 Sommeil Dr Lechner<\/title>\n<meta name=\"robots\" content=\"index, follow, max-snippet:-1, max-image-preview:large, max-video-preview:-1\" \/>\n<link rel=\"canonical\" href=\"https:\/\/www.santesommeildrlechner.ca\/en\/sleep\/\" \/>\n<meta property=\"og:locale\" content=\"en_US\" \/>\n<meta property=\"og:type\" content=\"article\" \/>\n<meta property=\"og:title\" content=\"Sleep - Clinique Sant\u00e9 Sommeil Dr Lechner\" \/>\n<meta property=\"og:description\" content=\"You don&#039;t want to sleep with a mask over your mouth and nose? Or are you looking for an easy and discreet solution for intimate evenings or while travelling? Apnea orthotics will fit a variety of budgets and lifestyles. Contact us now for a consultation and explore the options available to you to improve your [&hellip;]\" \/>\n<meta property=\"og:url\" content=\"https:\/\/www.santesommeildrlechner.ca\/en\/sleep\/\" \/>\n<meta property=\"og:site_name\" content=\"Clinique Sant\u00e9 Sommeil Dr Lechner\" \/>\n<meta property=\"article:modified_time\" content=\"2022-05-26T02:46:24+00:00\" \/>\n<meta property=\"og:image\" content=\"https:\/\/www.santesommeildrlechner.ca\/wp-content\/uploads\/2022\/04\/entete-7.jpg\" \/>\n\t<meta property=\"og:image:width\" content=\"1300\" \/>\n\t<meta property=\"og:image:height\" content=\"428\" \/>\n\t<meta property=\"og:image:type\" content=\"image\/jpeg\" \/>\n<meta name=\"twitter:card\" content=\"summary_large_image\" \/>\n<meta name=\"twitter:label1\" content=\"Est. reading time\" \/>\n\t<meta name=\"twitter:data1\" content=\"2 minutes\" \/>\n<script type=\"application\/ld+json\" class=\"yoast-schema-graph\">{\"@context\":\"https:\\\/\\\/schema.org\",\"@graph\":[{\"@type\":\"WebPage\",\"@id\":\"https:\\\/\\\/www.santesommeildrlechner.ca\\\/en\\\/sleep\\\/\",\"url\":\"https:\\\/\\\/www.santesommeildrlechner.ca\\\/en\\\/sleep\\\/\",\"name\":\"Sleep - Clinique Sant\u00e9 Sommeil Dr Lechner\",\"isPartOf\":{\"@id\":\"https:\\\/\\\/www.santesommeildrlechner.ca\\\/en\\\/#website\"},\"primaryImageOfPage\":{\"@id\":\"https:\\\/\\\/www.santesommeildrlechner.ca\\\/en\\\/sleep\\\/#primaryimage\"},\"image\":{\"@id\":\"https:\\\/\\\/www.santesommeildrlechner.ca\\\/en\\\/sleep\\\/#primaryimage\"},\"thumbnailUrl\":\"https:\\\/\\\/www.santesommeildrlechner.ca\\\/wp-content\\\/uploads\\\/2022\\\/04\\\/entete-7.jpg\",\"datePublished\":\"2022-03-17T03:18:44+00:00\",\"dateModified\":\"2022-05-26T02:46:24+00:00\",\"breadcrumb\":{\"@id\":\"https:\\\/\\\/www.santesommeildrlechner.ca\\\/en\\\/sleep\\\/#breadcrumb\"},\"inLanguage\":\"en-US\",\"potentialAction\":[{\"@type\":\"ReadAction\",\"target\":[\"https:\\\/\\\/www.santesommeildrlechner.ca\\\/en\\\/sleep\\\/\"]}]},{\"@type\":\"ImageObject\",\"inLanguage\":\"en-US\",\"@id\":\"https:\\\/\\\/www.santesommeildrlechner.ca\\\/en\\\/sleep\\\/#primaryimage\",\"url\":\"https:\\\/\\\/www.santesommeildrlechner.ca\\\/wp-content\\\/uploads\\\/2022\\\/04\\\/entete-7.jpg\",\"contentUrl\":\"https:\\\/\\\/www.santesommeildrlechner.ca\\\/wp-content\\\/uploads\\\/2022\\\/04\\\/entete-7.jpg\",\"width\":1300,\"height\":428},{\"@type\":\"BreadcrumbList\",\"@id\":\"https:\\\/\\\/www.santesommeildrlechner.ca\\\/en\\\/sleep\\\/#breadcrumb\",\"itemListElement\":[{\"@type\":\"ListItem\",\"position\":1,\"name\":\"Accueil\",\"item\":\"https:\\\/\\\/www.santesommeildrlechner.ca\\\/en\\\/\"},{\"@type\":\"ListItem\",\"position\":2,\"name\":\"Sleep\"}]},{\"@type\":\"WebSite\",\"@id\":\"https:\\\/\\\/www.santesommeildrlechner.ca\\\/en\\\/#website\",\"url\":\"https:\\\/\\\/www.santesommeildrlechner.ca\\\/en\\\/\",\"name\":\"Clinique Sant\u00e9 Sommeil Dr Lechner\",\"description\":\"Clinique Sant\u00e9 Sommeil Prisma mise sur une approche multidisciplinaire pour prendre en charge les troubles du sommeil li\u00e9s \u00e0 la sant\u00e9 buccodentaire\",\"potentialAction\":[{\"@type\":\"SearchAction\",\"target\":{\"@type\":\"EntryPoint\",\"urlTemplate\":\"https:\\\/\\\/www.santesommeildrlechner.ca\\\/en\\\/?s={search_term_string}\"},\"query-input\":{\"@type\":\"PropertyValueSpecification\",\"valueRequired\":true,\"valueName\":\"search_term_string\"}}],\"inLanguage\":\"en-US\"}]}<\/script>\n<!-- \/ Yoast SEO plugin. -->","yoast_head_json":{"title":"Sleep - Clinique Sant\u00e9 Sommeil Dr Lechner","robots":{"index":"index","follow":"follow","max-snippet":"max-snippet:-1","max-image-preview":"max-image-preview:large","max-video-preview":"max-video-preview:-1"},"canonical":"https:\/\/www.santesommeildrlechner.ca\/en\/sleep\/","og_locale":"en_US","og_type":"article","og_title":"Sleep - Clinique Sant\u00e9 Sommeil Dr Lechner","og_description":"You don't want to sleep with a mask over your mouth and nose? Or are you looking for an easy and discreet solution for intimate evenings or while travelling? Apnea orthotics will fit a variety of budgets and lifestyles. Contact us now for a consultation and explore the options available to you to improve your [&hellip;]","og_url":"https:\/\/www.santesommeildrlechner.ca\/en\/sleep\/","og_site_name":"Clinique Sant\u00e9 Sommeil Dr Lechner","article_modified_time":"2022-05-26T02:46:24+00:00","og_image":[{"width":1300,"height":428,"url":"https:\/\/www.santesommeildrlechner.ca\/wp-content\/uploads\/2022\/04\/entete-7.jpg","type":"image\/jpeg"}],"twitter_card":"summary_large_image","twitter_misc":{"Est. reading time":"2 minutes"},"schema":{"@context":"https:\/\/schema.org","@graph":[{"@type":"WebPage","@id":"https:\/\/www.santesommeildrlechner.ca\/en\/sleep\/","url":"https:\/\/www.santesommeildrlechner.ca\/en\/sleep\/","name":"Sleep - Clinique Sant\u00e9 Sommeil Dr Lechner","isPartOf":{"@id":"https:\/\/www.santesommeildrlechner.ca\/en\/#website"},"primaryImageOfPage":{"@id":"https:\/\/www.santesommeildrlechner.ca\/en\/sleep\/#primaryimage"},"image":{"@id":"https:\/\/www.santesommeildrlechner.ca\/en\/sleep\/#primaryimage"},"thumbnailUrl":"https:\/\/www.santesommeildrlechner.ca\/wp-content\/uploads\/2022\/04\/entete-7.jpg","datePublished":"2022-03-17T03:18:44+00:00","dateModified":"2022-05-26T02:46:24+00:00","breadcrumb":{"@id":"https:\/\/www.santesommeildrlechner.ca\/en\/sleep\/#breadcrumb"},"inLanguage":"en-US","potentialAction":[{"@type":"ReadAction","target":["https:\/\/www.santesommeildrlechner.ca\/en\/sleep\/"]}]},{"@type":"ImageObject","inLanguage":"en-US","@id":"https:\/\/www.santesommeildrlechner.ca\/en\/sleep\/#primaryimage","url":"https:\/\/www.santesommeildrlechner.ca\/wp-content\/uploads\/2022\/04\/entete-7.jpg","contentUrl":"https:\/\/www.santesommeildrlechner.ca\/wp-content\/uploads\/2022\/04\/entete-7.jpg","width":1300,"height":428},{"@type":"BreadcrumbList","@id":"https:\/\/www.santesommeildrlechner.ca\/en\/sleep\/#breadcrumb","itemListElement":[{"@type":"ListItem","position":1,"name":"Accueil","item":"https:\/\/www.santesommeildrlechner.ca\/en\/"},{"@type":"ListItem","position":2,"name":"Sleep"}]},{"@type":"WebSite","@id":"https:\/\/www.santesommeildrlechner.ca\/en\/#website","url":"https:\/\/www.santesommeildrlechner.ca\/en\/","name":"Clinique Sant\u00e9 Sommeil Dr Lechner","description":"Clinique Sant\u00e9 Sommeil Prisma mise sur une approche multidisciplinaire pour prendre en charge les troubles du sommeil li\u00e9s \u00e0 la sant\u00e9 buccodentaire","potentialAction":[{"@type":"SearchAction","target":{"@type":"EntryPoint","urlTemplate":"https:\/\/www.santesommeildrlechner.ca\/en\/?s={search_term_string}"},"query-input":{"@type":"PropertyValueSpecification","valueRequired":true,"valueName":"search_term_string"}}],"inLanguage":"en-US"}]}},"_links":{"self":[{"href":"https:\/\/www.santesommeildrlechner.ca\/en\/wp-json\/wp\/v2\/pages\/524","targetHints":{"allow":["GET"]}}],"collection":[{"href":"https:\/\/www.santesommeildrlechner.ca\/en\/wp-json\/wp\/v2\/pages"}],"about":[{"href":"https:\/\/www.santesommeildrlechner.ca\/en\/wp-json\/wp\/v2\/types\/page"}],"author":[{"embeddable":true,"href":"https:\/\/www.santesommeildrlechner.ca\/en\/wp-json\/wp\/v2\/users\/1"}],"replies":[{"embeddable":true,"href":"https:\/\/www.santesommeildrlechner.ca\/en\/wp-json\/wp\/v2\/comments?post=524"}],"version-history":[{"count":8,"href":"https:\/\/www.santesommeildrlechner.ca\/en\/wp-json\/wp\/v2\/pages\/524\/revisions"}],"predecessor-version":[{"id":821,"href":"https:\/\/www.santesommeildrlechner.ca\/en\/wp-json\/wp\/v2\/pages\/524\/revisions\/821"}],"wp:featuredmedia":[{"embeddable":true,"href":"https:\/\/www.santesommeildrlechner.ca\/en\/wp-json\/wp\/v2\/media\/424"}],"wp:attachment":[{"href":"https:\/\/www.santesommeildrlechner.ca\/en\/wp-json\/wp\/v2\/media?parent=524"}],"curies":[{"name":"wp","href":"https:\/\/api.w.org\/{rel}","templated":true}]}}