{"id":522,"date":"2022-03-16T23:41:23","date_gmt":"2022-03-17T03:41:23","guid":{"rendered":"https:\/\/sommeil.impulsionmedia.com\/?page_id=522"},"modified":"2022-05-18T23:09:39","modified_gmt":"2022-05-19T03:09:39","slug":"sleep-panthera","status":"publish","type":"page","link":"https:\/\/www.santesommeildrlechner.ca\/en\/sleep-panthera\/","title":{"rendered":"Sleep \/ Panthera"},"content":{"rendered":"<p>A Qu\u00e9bec innovation, Panthera\u2019s anti-snoring appliances are custom-made to comfortably keep the lower jaw forward and facilitate airflow. The Panthera Dental team uses its own patented software to design the appliances, which fit even better than hand-made appliances. Depending on the model, Panthera appliances are recommended for mild to severe sleep apnea, if you can't wear a mask, or as an alternative. All come with a three-year warranty against manufacturing defects.<\/p>\n<h2>Panthera D-SAD<\/h2>\n<p><img loading=\"lazy\" decoding=\"async\" class=\"size-full wp-image-345 alignnone\" src=\"https:\/\/sommeil.impulsionmedia.com\/wp-content\/uploads\/2022\/04\/Panthera-D-SAD-3.jpg\" alt=\"Panthera-D-SAD\" width=\"650\" height=\"277\" srcset=\"https:\/\/www.santesommeildrlechner.ca\/wp-content\/uploads\/2022\/04\/Panthera-D-SAD-3.jpg 650w, https:\/\/www.santesommeildrlechner.ca\/wp-content\/uploads\/2022\/04\/Panthera-D-SAD-3-300x128.jpg 300w\" sizes=\"auto, (max-width: 650px) 100vw, 650px\" \/><\/p>\n<p>&nbsp;<\/p>\n<p>The smallest appliance on the market, the Panthera D-SAD is the only one to be printed entirely using computer-aided design and manufacturing (CAD\/CAM) technology. Made of polyamide, a durable biocompatible nylon, it is primarily recommended for the treatment of snoring and mild to moderate obstructive sleep apnea (OSA). Patients with severe OSA who cannot tolerate a CPAP mask may find it a functional solution.<\/p>\n<h2>Panthera X3<\/h2>\n<p><img loading=\"lazy\" decoding=\"async\" class=\"size-full wp-image-347 alignnone\" src=\"https:\/\/sommeil.impulsionmedia.com\/wp-content\/uploads\/2022\/04\/Panthera-X3.jpg\" alt=\"Panthera X3\" width=\"650\" height=\"277\" srcset=\"https:\/\/www.santesommeildrlechner.ca\/wp-content\/uploads\/2022\/04\/Panthera-X3.jpg 650w, https:\/\/www.santesommeildrlechner.ca\/wp-content\/uploads\/2022\/04\/Panthera-X3-300x128.jpg 300w\" sizes=\"auto, (max-width: 650px) 100vw, 650px\" \/><\/p>\n<p>The next generation of fully computer-aided manufacturing (CAD\/CAM) mandibular advancement orthotics, the Panthera X3 is small and lightweight, offering optimal comfort that helps patients stay disciplined. Made of biocompatible polyamide nylon, it is as rigid as it is flexible, with shafts strong enough for more severe cases of obstructive sleep apnea. Like the Panthera D-SAD, the X3 meets US FDA standards.<\/p>\n<p>&nbsp;<\/p>\n<p><a href=\"\/en\/contact-page\/\"><strong>Contact us now<\/strong><\/a> for a consultation with budget, personalized treatment plan and follow-ups. <\/p>\n<p>&nbsp;<\/p>\n<h3>Panthera X3 - How to modify the advancement<\/h3>\n<div class=\"video-embed\">\n<p><iframe loading=\"lazy\" title=\"Panther X3: how to modify the advancement ot their splints?\" width=\"640\" height=\"360\" src=\"https:\/\/www.youtube.com\/embed\/aFH3ivsoR9s?feature=oembed\" frameborder=\"0\" allow=\"accelerometer; autoplay; clipboard-write; encrypted-media; gyroscope; picture-in-picture; web-share\" referrerpolicy=\"strict-origin-when-cross-origin\" allowfullscreen><\/iframe><\/p>\n<\/div>\n<h3>Panthera D-SAD - How to modify the advancement<\/h3>\n<div class=\"video-embed\">\n<p><iframe loading=\"lazy\" title=\"Panthera appliance: how to modify the advancement ot their splints?\" width=\"640\" height=\"360\" src=\"https:\/\/www.youtube.com\/embed\/M6rsXwnDvBo?feature=oembed\" frameborder=\"0\" allow=\"accelerometer; autoplay; clipboard-write; encrypted-media; gyroscope; picture-in-picture; web-share\" referrerpolicy=\"strict-origin-when-cross-origin\" allowfullscreen><\/iframe><\/p>\n<\/div>\n","protected":false},"excerpt":{"rendered":"<p>A Qu\u00e9bec innovation, Panthera\u2019s anti-snoring appliances are custom-made to comfortably keep the lower jaw forward and facilitate airflow. The Panthera Dental team uses its own patented software to design the appliances, which fit even better than hand-made appliances. Depending on the model, Panthera appliances are recommended for mild to severe sleep apnea, if you can&#8217;t [&hellip;]<\/p>\n","protected":false},"author":1,"featured_media":424,"parent":0,"menu_order":0,"comment_status":"closed","ping_status":"closed","template":"","meta":{"_acf_changed":false,"inline_featured_image":false,"footnotes":""},"class_list":["post-522","page","type-page","status-publish","has-post-thumbnail","hentry"],"acf":[],"yoast_head":"<!-- This site is optimized with the Yoast SEO plugin v27.4 - https:\/\/yoast.com\/product\/yoast-seo-wordpress\/ -->\n<title>Sleep \/ Panthera - Clinique Sant\u00e9 Sommeil Dr Lechner<\/title>\n<meta name=\"robots\" content=\"index, follow, max-snippet:-1, max-image-preview:large, max-video-preview:-1\" \/>\n<link rel=\"canonical\" href=\"https:\/\/www.santesommeildrlechner.ca\/en\/sleep-panthera\/\" \/>\n<meta property=\"og:locale\" content=\"en_US\" \/>\n<meta property=\"og:type\" content=\"article\" \/>\n<meta property=\"og:title\" content=\"Sleep \/ Panthera - Clinique Sant\u00e9 Sommeil Dr Lechner\" \/>\n<meta property=\"og:description\" content=\"A Qu\u00e9bec innovation, Panthera\u2019s anti-snoring appliances are custom-made to comfortably keep the lower jaw forward and facilitate airflow. The Panthera Dental team uses its own patented software to design the appliances, which fit even better than hand-made appliances. Depending on the model, Panthera appliances are recommended for mild to severe sleep apnea, if you can&#039;t [&hellip;]\" \/>\n<meta property=\"og:url\" content=\"https:\/\/www.santesommeildrlechner.ca\/en\/sleep-panthera\/\" \/>\n<meta property=\"og:site_name\" content=\"Clinique Sant\u00e9 Sommeil Dr Lechner\" \/>\n<meta property=\"article:modified_time\" content=\"2022-05-19T03:09:39+00:00\" \/>\n<meta property=\"og:image\" content=\"https:\/\/www.santesommeildrlechner.ca\/wp-content\/uploads\/2022\/04\/entete-7.jpg\" \/>\n\t<meta property=\"og:image:width\" content=\"1300\" \/>\n\t<meta property=\"og:image:height\" content=\"428\" \/>\n\t<meta property=\"og:image:type\" content=\"image\/jpeg\" \/>\n<meta name=\"twitter:card\" content=\"summary_large_image\" \/>\n<meta name=\"twitter:label1\" content=\"Est. reading time\" \/>\n\t<meta name=\"twitter:data1\" content=\"1 minute\" \/>\n<script type=\"application\/ld+json\" class=\"yoast-schema-graph\">{\"@context\":\"https:\\\/\\\/schema.org\",\"@graph\":[{\"@type\":\"WebPage\",\"@id\":\"https:\\\/\\\/www.santesommeildrlechner.ca\\\/en\\\/sleep-panthera\\\/\",\"url\":\"https:\\\/\\\/www.santesommeildrlechner.ca\\\/en\\\/sleep-panthera\\\/\",\"name\":\"Sleep \\\/ Panthera - Clinique Sant\u00e9 Sommeil Dr Lechner\",\"isPartOf\":{\"@id\":\"https:\\\/\\\/www.santesommeildrlechner.ca\\\/en\\\/#website\"},\"primaryImageOfPage\":{\"@id\":\"https:\\\/\\\/www.santesommeildrlechner.ca\\\/en\\\/sleep-panthera\\\/#primaryimage\"},\"image\":{\"@id\":\"https:\\\/\\\/www.santesommeildrlechner.ca\\\/en\\\/sleep-panthera\\\/#primaryimage\"},\"thumbnailUrl\":\"https:\\\/\\\/www.santesommeildrlechner.ca\\\/wp-content\\\/uploads\\\/2022\\\/04\\\/entete-7.jpg\",\"datePublished\":\"2022-03-17T03:41:23+00:00\",\"dateModified\":\"2022-05-19T03:09:39+00:00\",\"breadcrumb\":{\"@id\":\"https:\\\/\\\/www.santesommeildrlechner.ca\\\/en\\\/sleep-panthera\\\/#breadcrumb\"},\"inLanguage\":\"en-US\",\"potentialAction\":[{\"@type\":\"ReadAction\",\"target\":[\"https:\\\/\\\/www.santesommeildrlechner.ca\\\/en\\\/sleep-panthera\\\/\"]}]},{\"@type\":\"ImageObject\",\"inLanguage\":\"en-US\",\"@id\":\"https:\\\/\\\/www.santesommeildrlechner.ca\\\/en\\\/sleep-panthera\\\/#primaryimage\",\"url\":\"https:\\\/\\\/www.santesommeildrlechner.ca\\\/wp-content\\\/uploads\\\/2022\\\/04\\\/entete-7.jpg\",\"contentUrl\":\"https:\\\/\\\/www.santesommeildrlechner.ca\\\/wp-content\\\/uploads\\\/2022\\\/04\\\/entete-7.jpg\",\"width\":1300,\"height\":428},{\"@type\":\"BreadcrumbList\",\"@id\":\"https:\\\/\\\/www.santesommeildrlechner.ca\\\/en\\\/sleep-panthera\\\/#breadcrumb\",\"itemListElement\":[{\"@type\":\"ListItem\",\"position\":1,\"name\":\"Accueil\",\"item\":\"https:\\\/\\\/www.santesommeildrlechner.ca\\\/en\\\/\"},{\"@type\":\"ListItem\",\"position\":2,\"name\":\"Sleep \\\/ Panthera\"}]},{\"@type\":\"WebSite\",\"@id\":\"https:\\\/\\\/www.santesommeildrlechner.ca\\\/en\\\/#website\",\"url\":\"https:\\\/\\\/www.santesommeildrlechner.ca\\\/en\\\/\",\"name\":\"Clinique Sant\u00e9 Sommeil Dr Lechner\",\"description\":\"Clinique Sant\u00e9 Sommeil Prisma mise sur une approche multidisciplinaire pour prendre en charge les troubles du sommeil li\u00e9s \u00e0 la sant\u00e9 buccodentaire\",\"potentialAction\":[{\"@type\":\"SearchAction\",\"target\":{\"@type\":\"EntryPoint\",\"urlTemplate\":\"https:\\\/\\\/www.santesommeildrlechner.ca\\\/en\\\/?s={search_term_string}\"},\"query-input\":{\"@type\":\"PropertyValueSpecification\",\"valueRequired\":true,\"valueName\":\"search_term_string\"}}],\"inLanguage\":\"en-US\"}]}<\/script>\n<!-- \/ Yoast SEO plugin. -->","yoast_head_json":{"title":"Sleep \/ Panthera - Clinique Sant\u00e9 Sommeil Dr Lechner","robots":{"index":"index","follow":"follow","max-snippet":"max-snippet:-1","max-image-preview":"max-image-preview:large","max-video-preview":"max-video-preview:-1"},"canonical":"https:\/\/www.santesommeildrlechner.ca\/en\/sleep-panthera\/","og_locale":"en_US","og_type":"article","og_title":"Sleep \/ Panthera - Clinique Sant\u00e9 Sommeil Dr Lechner","og_description":"A Qu\u00e9bec innovation, Panthera\u2019s anti-snoring appliances are custom-made to comfortably keep the lower jaw forward and facilitate airflow. The Panthera Dental team uses its own patented software to design the appliances, which fit even better than hand-made appliances. Depending on the model, Panthera appliances are recommended for mild to severe sleep apnea, if you can't [&hellip;]","og_url":"https:\/\/www.santesommeildrlechner.ca\/en\/sleep-panthera\/","og_site_name":"Clinique Sant\u00e9 Sommeil Dr Lechner","article_modified_time":"2022-05-19T03:09:39+00:00","og_image":[{"width":1300,"height":428,"url":"https:\/\/www.santesommeildrlechner.ca\/wp-content\/uploads\/2022\/04\/entete-7.jpg","type":"image\/jpeg"}],"twitter_card":"summary_large_image","twitter_misc":{"Est. reading time":"1 minute"},"schema":{"@context":"https:\/\/schema.org","@graph":[{"@type":"WebPage","@id":"https:\/\/www.santesommeildrlechner.ca\/en\/sleep-panthera\/","url":"https:\/\/www.santesommeildrlechner.ca\/en\/sleep-panthera\/","name":"Sleep \/ Panthera - Clinique Sant\u00e9 Sommeil Dr Lechner","isPartOf":{"@id":"https:\/\/www.santesommeildrlechner.ca\/en\/#website"},"primaryImageOfPage":{"@id":"https:\/\/www.santesommeildrlechner.ca\/en\/sleep-panthera\/#primaryimage"},"image":{"@id":"https:\/\/www.santesommeildrlechner.ca\/en\/sleep-panthera\/#primaryimage"},"thumbnailUrl":"https:\/\/www.santesommeildrlechner.ca\/wp-content\/uploads\/2022\/04\/entete-7.jpg","datePublished":"2022-03-17T03:41:23+00:00","dateModified":"2022-05-19T03:09:39+00:00","breadcrumb":{"@id":"https:\/\/www.santesommeildrlechner.ca\/en\/sleep-panthera\/#breadcrumb"},"inLanguage":"en-US","potentialAction":[{"@type":"ReadAction","target":["https:\/\/www.santesommeildrlechner.ca\/en\/sleep-panthera\/"]}]},{"@type":"ImageObject","inLanguage":"en-US","@id":"https:\/\/www.santesommeildrlechner.ca\/en\/sleep-panthera\/#primaryimage","url":"https:\/\/www.santesommeildrlechner.ca\/wp-content\/uploads\/2022\/04\/entete-7.jpg","contentUrl":"https:\/\/www.santesommeildrlechner.ca\/wp-content\/uploads\/2022\/04\/entete-7.jpg","width":1300,"height":428},{"@type":"BreadcrumbList","@id":"https:\/\/www.santesommeildrlechner.ca\/en\/sleep-panthera\/#breadcrumb","itemListElement":[{"@type":"ListItem","position":1,"name":"Accueil","item":"https:\/\/www.santesommeildrlechner.ca\/en\/"},{"@type":"ListItem","position":2,"name":"Sleep \/ Panthera"}]},{"@type":"WebSite","@id":"https:\/\/www.santesommeildrlechner.ca\/en\/#website","url":"https:\/\/www.santesommeildrlechner.ca\/en\/","name":"Clinique Sant\u00e9 Sommeil Dr Lechner","description":"Clinique Sant\u00e9 Sommeil Prisma mise sur une approche multidisciplinaire pour prendre en charge les troubles du sommeil li\u00e9s \u00e0 la sant\u00e9 buccodentaire","potentialAction":[{"@type":"SearchAction","target":{"@type":"EntryPoint","urlTemplate":"https:\/\/www.santesommeildrlechner.ca\/en\/?s={search_term_string}"},"query-input":{"@type":"PropertyValueSpecification","valueRequired":true,"valueName":"search_term_string"}}],"inLanguage":"en-US"}]}},"_links":{"self":[{"href":"https:\/\/www.santesommeildrlechner.ca\/en\/wp-json\/wp\/v2\/pages\/522","targetHints":{"allow":["GET"]}}],"collection":[{"href":"https:\/\/www.santesommeildrlechner.ca\/en\/wp-json\/wp\/v2\/pages"}],"about":[{"href":"https:\/\/www.santesommeildrlechner.ca\/en\/wp-json\/wp\/v2\/types\/page"}],"author":[{"embeddable":true,"href":"https:\/\/www.santesommeildrlechner.ca\/en\/wp-json\/wp\/v2\/users\/1"}],"replies":[{"embeddable":true,"href":"https:\/\/www.santesommeildrlechner.ca\/en\/wp-json\/wp\/v2\/comments?post=522"}],"version-history":[{"count":6,"href":"https:\/\/www.santesommeildrlechner.ca\/en\/wp-json\/wp\/v2\/pages\/522\/revisions"}],"predecessor-version":[{"id":764,"href":"https:\/\/www.santesommeildrlechner.ca\/en\/wp-json\/wp\/v2\/pages\/522\/revisions\/764"}],"wp:featuredmedia":[{"embeddable":true,"href":"https:\/\/www.santesommeildrlechner.ca\/en\/wp-json\/wp\/v2\/media\/424"}],"wp:attachment":[{"href":"https:\/\/www.santesommeildrlechner.ca\/en\/wp-json\/wp\/v2\/media?parent=522"}],"curies":[{"name":"wp","href":"https:\/\/api.w.org\/{rel}","templated":true}]}}