{"id":519,"date":"2022-03-16T23:44:27","date_gmt":"2022-03-17T03:44:27","guid":{"rendered":"https:\/\/sommeil.impulsionmedia.com\/?page_id=519"},"modified":"2022-05-11T18:55:48","modified_gmt":"2022-05-11T22:55:48","slug":"sleep-prosomnus","status":"publish","type":"page","link":"https:\/\/www.santesommeildrlechner.ca\/en\/sleep-prosomnus\/","title":{"rendered":"Sleep \/ ProSomnus"},"content":{"rendered":"<h2>To help you sleep better<\/h2>\n<p>With two arches that independently adjust the upper and lower teeth, the ProSomnus mandibular advancement device keeps the jaw in the correct position to help you breathe and sleep better. It is comfortable and easy-to-use, and its two components are computer-manufactured, benefiting from advanced patented technologies. This US FDA-approved brace is among the smallest on the market and is made of a stain-resistant biocompatible material.<\/p>\n<p><img loading=\"lazy\" decoding=\"async\" class=\"wp-image-59 size-full alignnone\" src=\"https:\/\/sommeil.impulsionmedia.com\/wp-content\/uploads\/2022\/03\/orthese-d-avancement-mandibulaire-prosomnus.jpg\" alt=\"Orth\u00e8ses d'avancement ProSomnus\" width=\"650\" height=\"277\" srcset=\"https:\/\/www.santesommeildrlechner.ca\/wp-content\/uploads\/2022\/03\/orthese-d-avancement-mandibulaire-prosomnus.jpg 650w, https:\/\/www.santesommeildrlechner.ca\/wp-content\/uploads\/2022\/03\/orthese-d-avancement-mandibulaire-prosomnus-300x128.jpg 300w\" sizes=\"auto, (max-width: 650px) 100vw, 650px\" \/><br \/>\nts easy-to-fit design, high-precision manufacturing and strong materials ensure a slim and comfortable profile that provides more room for the tongue and therefore more comfort for the sleeper.<\/p>\n<p><a href=\"\/en\/contact-page\/\"><strong>Contact us now<\/strong><\/a> for a consultation including your personalized treatment plan, the follow-ups, and the budget.<\/p>\n<p>&nbsp;<\/p>\n<h3>How to modify the ProSomnus mandibular advancement device<\/h3>\n<div class=\"video-embed\">\n<p><iframe loading=\"lazy\" title=\"Prosomnus Sleep Technologies: comment modifier l&#039;avancement du dispositif sommeil?\" width=\"640\" height=\"360\" src=\"https:\/\/www.youtube.com\/embed\/SGXuzCMCtRQ?feature=oembed\" frameborder=\"0\" allow=\"accelerometer; autoplay; clipboard-write; encrypted-media; gyroscope; picture-in-picture; web-share\" referrerpolicy=\"strict-origin-when-cross-origin\" allowfullscreen><\/iframe><\/p>\n<\/div>\n","protected":false},"excerpt":{"rendered":"<p>To help you sleep better With two arches that independently adjust the upper and lower teeth, the ProSomnus mandibular advancement device keeps the jaw in the correct position to help you breathe and sleep better. It is comfortable and easy-to-use, and its two components are computer-manufactured, benefiting from advanced patented technologies. This US FDA-approved brace [&hellip;]<\/p>\n","protected":false},"author":1,"featured_media":424,"parent":0,"menu_order":0,"comment_status":"closed","ping_status":"closed","template":"","meta":{"_acf_changed":false,"inline_featured_image":false,"footnotes":""},"class_list":["post-519","page","type-page","status-publish","has-post-thumbnail","hentry"],"acf":[],"yoast_head":"<!-- This site is optimized with the Yoast SEO plugin v27.4 - https:\/\/yoast.com\/product\/yoast-seo-wordpress\/ -->\n<title>Sleep \/ ProSomnus - Clinique Sant\u00e9 Sommeil Dr Lechner<\/title>\n<meta name=\"robots\" content=\"index, follow, max-snippet:-1, max-image-preview:large, max-video-preview:-1\" \/>\n<link rel=\"canonical\" href=\"https:\/\/www.santesommeildrlechner.ca\/en\/sleep-prosomnus\/\" \/>\n<meta property=\"og:locale\" content=\"en_US\" \/>\n<meta property=\"og:type\" content=\"article\" \/>\n<meta property=\"og:title\" content=\"Sleep \/ ProSomnus - Clinique Sant\u00e9 Sommeil Dr Lechner\" \/>\n<meta property=\"og:description\" content=\"To help you sleep better With two arches that independently adjust the upper and lower teeth, the ProSomnus mandibular advancement device keeps the jaw in the correct position to help you breathe and sleep better. It is comfortable and easy-to-use, and its two components are computer-manufactured, benefiting from advanced patented technologies. This US FDA-approved brace [&hellip;]\" \/>\n<meta property=\"og:url\" content=\"https:\/\/www.santesommeildrlechner.ca\/en\/sleep-prosomnus\/\" \/>\n<meta property=\"og:site_name\" content=\"Clinique Sant\u00e9 Sommeil Dr Lechner\" \/>\n<meta property=\"article:modified_time\" content=\"2022-05-11T22:55:48+00:00\" \/>\n<meta property=\"og:image\" content=\"https:\/\/www.santesommeildrlechner.ca\/wp-content\/uploads\/2022\/04\/entete-7.jpg\" \/>\n\t<meta property=\"og:image:width\" content=\"1300\" \/>\n\t<meta property=\"og:image:height\" content=\"428\" \/>\n\t<meta property=\"og:image:type\" content=\"image\/jpeg\" \/>\n<meta name=\"twitter:card\" content=\"summary_large_image\" \/>\n<meta name=\"twitter:label1\" content=\"Est. reading time\" \/>\n\t<meta name=\"twitter:data1\" content=\"1 minute\" \/>\n<script type=\"application\/ld+json\" class=\"yoast-schema-graph\">{\"@context\":\"https:\\\/\\\/schema.org\",\"@graph\":[{\"@type\":\"WebPage\",\"@id\":\"https:\\\/\\\/www.santesommeildrlechner.ca\\\/en\\\/sleep-prosomnus\\\/\",\"url\":\"https:\\\/\\\/www.santesommeildrlechner.ca\\\/en\\\/sleep-prosomnus\\\/\",\"name\":\"Sleep \\\/ ProSomnus - Clinique Sant\u00e9 Sommeil Dr Lechner\",\"isPartOf\":{\"@id\":\"https:\\\/\\\/www.santesommeildrlechner.ca\\\/en\\\/#website\"},\"primaryImageOfPage\":{\"@id\":\"https:\\\/\\\/www.santesommeildrlechner.ca\\\/en\\\/sleep-prosomnus\\\/#primaryimage\"},\"image\":{\"@id\":\"https:\\\/\\\/www.santesommeildrlechner.ca\\\/en\\\/sleep-prosomnus\\\/#primaryimage\"},\"thumbnailUrl\":\"https:\\\/\\\/www.santesommeildrlechner.ca\\\/wp-content\\\/uploads\\\/2022\\\/04\\\/entete-7.jpg\",\"datePublished\":\"2022-03-17T03:44:27+00:00\",\"dateModified\":\"2022-05-11T22:55:48+00:00\",\"breadcrumb\":{\"@id\":\"https:\\\/\\\/www.santesommeildrlechner.ca\\\/en\\\/sleep-prosomnus\\\/#breadcrumb\"},\"inLanguage\":\"en-US\",\"potentialAction\":[{\"@type\":\"ReadAction\",\"target\":[\"https:\\\/\\\/www.santesommeildrlechner.ca\\\/en\\\/sleep-prosomnus\\\/\"]}]},{\"@type\":\"ImageObject\",\"inLanguage\":\"en-US\",\"@id\":\"https:\\\/\\\/www.santesommeildrlechner.ca\\\/en\\\/sleep-prosomnus\\\/#primaryimage\",\"url\":\"https:\\\/\\\/www.santesommeildrlechner.ca\\\/wp-content\\\/uploads\\\/2022\\\/04\\\/entete-7.jpg\",\"contentUrl\":\"https:\\\/\\\/www.santesommeildrlechner.ca\\\/wp-content\\\/uploads\\\/2022\\\/04\\\/entete-7.jpg\",\"width\":1300,\"height\":428},{\"@type\":\"BreadcrumbList\",\"@id\":\"https:\\\/\\\/www.santesommeildrlechner.ca\\\/en\\\/sleep-prosomnus\\\/#breadcrumb\",\"itemListElement\":[{\"@type\":\"ListItem\",\"position\":1,\"name\":\"Accueil\",\"item\":\"https:\\\/\\\/www.santesommeildrlechner.ca\\\/en\\\/\"},{\"@type\":\"ListItem\",\"position\":2,\"name\":\"Sleep \\\/ ProSomnus\"}]},{\"@type\":\"WebSite\",\"@id\":\"https:\\\/\\\/www.santesommeildrlechner.ca\\\/en\\\/#website\",\"url\":\"https:\\\/\\\/www.santesommeildrlechner.ca\\\/en\\\/\",\"name\":\"Clinique Sant\u00e9 Sommeil Dr Lechner\",\"description\":\"Clinique Sant\u00e9 Sommeil Prisma mise sur une approche multidisciplinaire pour prendre en charge les troubles du sommeil li\u00e9s \u00e0 la sant\u00e9 buccodentaire\",\"potentialAction\":[{\"@type\":\"SearchAction\",\"target\":{\"@type\":\"EntryPoint\",\"urlTemplate\":\"https:\\\/\\\/www.santesommeildrlechner.ca\\\/en\\\/?s={search_term_string}\"},\"query-input\":{\"@type\":\"PropertyValueSpecification\",\"valueRequired\":true,\"valueName\":\"search_term_string\"}}],\"inLanguage\":\"en-US\"}]}<\/script>\n<!-- \/ Yoast SEO plugin. -->","yoast_head_json":{"title":"Sleep \/ ProSomnus - Clinique Sant\u00e9 Sommeil Dr Lechner","robots":{"index":"index","follow":"follow","max-snippet":"max-snippet:-1","max-image-preview":"max-image-preview:large","max-video-preview":"max-video-preview:-1"},"canonical":"https:\/\/www.santesommeildrlechner.ca\/en\/sleep-prosomnus\/","og_locale":"en_US","og_type":"article","og_title":"Sleep \/ ProSomnus - Clinique Sant\u00e9 Sommeil Dr Lechner","og_description":"To help you sleep better With two arches that independently adjust the upper and lower teeth, the ProSomnus mandibular advancement device keeps the jaw in the correct position to help you breathe and sleep better. It is comfortable and easy-to-use, and its two components are computer-manufactured, benefiting from advanced patented technologies. This US FDA-approved brace [&hellip;]","og_url":"https:\/\/www.santesommeildrlechner.ca\/en\/sleep-prosomnus\/","og_site_name":"Clinique Sant\u00e9 Sommeil Dr Lechner","article_modified_time":"2022-05-11T22:55:48+00:00","og_image":[{"width":1300,"height":428,"url":"https:\/\/www.santesommeildrlechner.ca\/wp-content\/uploads\/2022\/04\/entete-7.jpg","type":"image\/jpeg"}],"twitter_card":"summary_large_image","twitter_misc":{"Est. reading time":"1 minute"},"schema":{"@context":"https:\/\/schema.org","@graph":[{"@type":"WebPage","@id":"https:\/\/www.santesommeildrlechner.ca\/en\/sleep-prosomnus\/","url":"https:\/\/www.santesommeildrlechner.ca\/en\/sleep-prosomnus\/","name":"Sleep \/ ProSomnus - Clinique Sant\u00e9 Sommeil Dr Lechner","isPartOf":{"@id":"https:\/\/www.santesommeildrlechner.ca\/en\/#website"},"primaryImageOfPage":{"@id":"https:\/\/www.santesommeildrlechner.ca\/en\/sleep-prosomnus\/#primaryimage"},"image":{"@id":"https:\/\/www.santesommeildrlechner.ca\/en\/sleep-prosomnus\/#primaryimage"},"thumbnailUrl":"https:\/\/www.santesommeildrlechner.ca\/wp-content\/uploads\/2022\/04\/entete-7.jpg","datePublished":"2022-03-17T03:44:27+00:00","dateModified":"2022-05-11T22:55:48+00:00","breadcrumb":{"@id":"https:\/\/www.santesommeildrlechner.ca\/en\/sleep-prosomnus\/#breadcrumb"},"inLanguage":"en-US","potentialAction":[{"@type":"ReadAction","target":["https:\/\/www.santesommeildrlechner.ca\/en\/sleep-prosomnus\/"]}]},{"@type":"ImageObject","inLanguage":"en-US","@id":"https:\/\/www.santesommeildrlechner.ca\/en\/sleep-prosomnus\/#primaryimage","url":"https:\/\/www.santesommeildrlechner.ca\/wp-content\/uploads\/2022\/04\/entete-7.jpg","contentUrl":"https:\/\/www.santesommeildrlechner.ca\/wp-content\/uploads\/2022\/04\/entete-7.jpg","width":1300,"height":428},{"@type":"BreadcrumbList","@id":"https:\/\/www.santesommeildrlechner.ca\/en\/sleep-prosomnus\/#breadcrumb","itemListElement":[{"@type":"ListItem","position":1,"name":"Accueil","item":"https:\/\/www.santesommeildrlechner.ca\/en\/"},{"@type":"ListItem","position":2,"name":"Sleep \/ ProSomnus"}]},{"@type":"WebSite","@id":"https:\/\/www.santesommeildrlechner.ca\/en\/#website","url":"https:\/\/www.santesommeildrlechner.ca\/en\/","name":"Clinique Sant\u00e9 Sommeil Dr Lechner","description":"Clinique Sant\u00e9 Sommeil Prisma mise sur une approche multidisciplinaire pour prendre en charge les troubles du sommeil li\u00e9s \u00e0 la sant\u00e9 buccodentaire","potentialAction":[{"@type":"SearchAction","target":{"@type":"EntryPoint","urlTemplate":"https:\/\/www.santesommeildrlechner.ca\/en\/?s={search_term_string}"},"query-input":{"@type":"PropertyValueSpecification","valueRequired":true,"valueName":"search_term_string"}}],"inLanguage":"en-US"}]}},"_links":{"self":[{"href":"https:\/\/www.santesommeildrlechner.ca\/en\/wp-json\/wp\/v2\/pages\/519","targetHints":{"allow":["GET"]}}],"collection":[{"href":"https:\/\/www.santesommeildrlechner.ca\/en\/wp-json\/wp\/v2\/pages"}],"about":[{"href":"https:\/\/www.santesommeildrlechner.ca\/en\/wp-json\/wp\/v2\/types\/page"}],"author":[{"embeddable":true,"href":"https:\/\/www.santesommeildrlechner.ca\/en\/wp-json\/wp\/v2\/users\/1"}],"replies":[{"embeddable":true,"href":"https:\/\/www.santesommeildrlechner.ca\/en\/wp-json\/wp\/v2\/comments?post=519"}],"version-history":[{"count":5,"href":"https:\/\/www.santesommeildrlechner.ca\/en\/wp-json\/wp\/v2\/pages\/519\/revisions"}],"predecessor-version":[{"id":666,"href":"https:\/\/www.santesommeildrlechner.ca\/en\/wp-json\/wp\/v2\/pages\/519\/revisions\/666"}],"wp:featuredmedia":[{"embeddable":true,"href":"https:\/\/www.santesommeildrlechner.ca\/en\/wp-json\/wp\/v2\/media\/424"}],"wp:attachment":[{"href":"https:\/\/www.santesommeildrlechner.ca\/en\/wp-json\/wp\/v2\/media?parent=519"}],"curies":[{"name":"wp","href":"https:\/\/api.w.org\/{rel}","templated":true}]}}