{"id":517,"date":"2022-03-16T23:37:30","date_gmt":"2022-03-17T03:37:30","guid":{"rendered":"https:\/\/sommeil.impulsionmedia.com\/?page_id=517"},"modified":"2022-05-19T00:03:06","modified_gmt":"2022-05-19T04:03:06","slug":"sleep-somnodent-somnomed","status":"publish","type":"page","link":"https:\/\/www.santesommeildrlechner.ca\/en\/sleep-somnodent-somnomed\/","title":{"rendered":"Sleep \/ SomnoDent \/ SomnoMed"},"content":{"rendered":"<p>With a choice of <strong>4 custom-fitted appliances<\/strong>, <strong>SomnoDent\/SomnoMed advancement orthotics <\/strong> are worn during sleep and are fitted over the upper and lower teeth. They move the jaw slightly forward to keep the airway open and allow normal breathing during sleep. They are recommended for the treatment of snoring and mild-to-moderate apnea in patients 18 years of age or older whose teeth are not moving. All SomnoDent\/SomnoMed appliances come with a three-year warranty against manufacturing defects.<\/p>\n<p>In studies conducted by SomnoDent\/SomnoMed, 91% of patients confirmed an improvement in the quality of their sleep. Contact us today for a consultation with budget, personalized treatment plan and follow-ups.<\/p>\n<h3>SomnoDent Avant<sup>TM<\/sup><\/h3>\n<p><img loading=\"lazy\" decoding=\"async\" class=\"wp-image-326 size-full alignnone\" src=\"https:\/\/sommeil.impulsionmedia.com\/wp-content\/uploads\/2022\/04\/SomnDentAvant.jpg\" alt=\"SomnoDent AvantTM\" width=\"650\" height=\"277\" srcset=\"https:\/\/www.santesommeildrlechner.ca\/wp-content\/uploads\/2022\/04\/SomnDentAvant.jpg 650w, https:\/\/www.santesommeildrlechner.ca\/wp-content\/uploads\/2022\/04\/SomnDentAvant-300x128.jpg 300w\" sizes=\"auto, (max-width: 650px) 100vw, 650px\" \/><\/p>\n<p>The latest device launched by SomnoDent, Avant is the first milled oral device with a soft liner for the treatment of mild to moderate obstructive sleep apnea. Small, thin and strong, Avant features a digital design that ensures a quality fit and finish. Its patented coating makes it easy to fit and a comfortable choice for patients.<\/p>\n<div class=\"video-embed\">\n<p><iframe loading=\"lazy\" title=\"The New SomnoDent Avant\" width=\"640\" height=\"360\" src=\"https:\/\/www.youtube.com\/embed\/mIefldHMb5k?feature=oembed\" frameborder=\"0\" allow=\"accelerometer; autoplay; clipboard-write; encrypted-media; gyroscope; picture-in-picture; web-share\" referrerpolicy=\"strict-origin-when-cross-origin\" allowfullscreen><\/iframe><\/p>\n<\/div>\n<h3><\/h3>\n<h3>SomnoDent Flex<sup>TM<\/sup><\/h3>\n<p><img loading=\"lazy\" decoding=\"async\" class=\" size-full wp-image-61\" src=\"https:\/\/sommeil.impulsionmedia.com\/wp-content\/uploads\/2022\/03\/Ortheses-d-avancement-Somnodent.jpg\" alt=\"Orth\u00e8ses d\u2019avancement Somnodent\" width=\"650\" height=\"277\" srcset=\"https:\/\/www.santesommeildrlechner.ca\/wp-content\/uploads\/2022\/03\/Ortheses-d-avancement-Somnodent.jpg 650w, https:\/\/www.santesommeildrlechner.ca\/wp-content\/uploads\/2022\/03\/Ortheses-d-avancement-Somnodent-300x128.jpg 300w\" sizes=\"auto, (max-width: 650px) 100vw, 650px\" \/><\/p>\n<p>SomnoDent Flex is made with a patented flexible polymer, called SMH BFlex, which is molecularly bonded to the acrylic of the appliance. Strong and durable, this polymer does not attract odors, an important plus for any oral appliance. Flex's soft inner lining provides optimal comfort and encourages the discipline of continuous wear, a key retention for treatment effectiveness. Flex adapts to your body type, whether you have short teeth, crowns, bridges, etc.<\/p>\n<h3>SomnoDent\u00ae Classic<sup>TM<\/sup><\/h3>\n<p><img loading=\"lazy\" decoding=\"async\" class=\"size-full wp-image-329 alignnone\" src=\"https:\/\/sommeil.impulsionmedia.com\/wp-content\/uploads\/2022\/04\/SomnoDent-Classic.jpg\" alt=\"SomnoDent\u00ae ClassicTM \" width=\"650\" height=\"277\" srcset=\"https:\/\/www.santesommeildrlechner.ca\/wp-content\/uploads\/2022\/04\/SomnoDent-Classic.jpg 650w, https:\/\/www.santesommeildrlechner.ca\/wp-content\/uploads\/2022\/04\/SomnoDent-Classic-300x128.jpg 300w\" sizes=\"auto, (max-width: 650px) 100vw, 650px\" \/><\/p>\n<p>The great original innovation from SomnoMed, the Classic\/Classic is the first personalized oral appliance of the brand. Its popularity continues to grow. Tested and manufactured according to FDA and ISO 13485 standards, the Classic is held in place by medical stainless steel ball clasps. It fits in the blink of an eye and its shape allows the patient more room for the tongue.<\/p>\n<p>It is an orthotic held in place with medical stainless steel ball clasps. Its shape allows the patient to have more space for the tongue.<\/p>\n<h3>SomnoMed Morning Deprogrammer<\/h3>\n<p><img loading=\"lazy\" decoding=\"async\" class=\"size-full wp-image-332 alignnone\" src=\"https:\/\/sommeil.impulsionmedia.com\/wp-content\/uploads\/2022\/04\/SomnoMed-Deprogrammeur-du-matin.jpg\" alt=\"D\u00e9programmeur du matin\" width=\"650\" height=\"277\" srcset=\"https:\/\/www.santesommeildrlechner.ca\/wp-content\/uploads\/2022\/04\/SomnoMed-Deprogrammeur-du-matin.jpg 650w, https:\/\/www.santesommeildrlechner.ca\/wp-content\/uploads\/2022\/04\/SomnoMed-Deprogrammeur-du-matin-300x128.jpg 300w\" sizes=\"auto, (max-width: 650px) 100vw, 650px\" \/><\/p>\n<p>The SomnoDent\/SomnoMed range finally includes a \"morning deprogrammer,\" an effective preventive tool that helps to avoid mandibular displacement. The unique design of this deprogrammer includes raised blocks of compressible material, which the patient places on the lower teeth and above the premolars upon awakening. Held in place for approximately 10 minutes, the deprogrammer allows the jaw to return to its centered position after a night of sleep. It is used in conjunction with an easy, personalized morning routine that targets isometric jaw exercises (such as clenching and chewing up and down) that activate and relax the muscles while repositioning the jaw in a centered manner.<\/p>\n<p>&nbsp;<\/p>\n<p><a href=\"\/en\/contact-us\/\"><strong>Contact us now<\/strong><\/a> or a consultation with budget, personalized treatment plan and follow-ups.<\/p>\n<p>&nbsp;<\/p>\n<h3>SomnoDent Avant<sup>TM<\/sup> - How to modify the advancement<\/h3>\n<div class=\"video-embed\">\n<p><iframe loading=\"lazy\" title=\"Somnomed avant\" width=\"640\" height=\"360\" src=\"https:\/\/www.youtube.com\/embed\/D5uV57DL8mA?feature=oembed\" frameborder=\"0\" allow=\"accelerometer; autoplay; clipboard-write; encrypted-media; gyroscope; picture-in-picture; web-share\" referrerpolicy=\"strict-origin-when-cross-origin\" allowfullscreen><\/iframe><\/p>\n<\/div>\n<h3>SomnoDent Flex<sup>TM<\/sup> &amp; Classic<sup>TM<\/sup> - How to modify the advancement<\/h3>\n<div class=\"video-embed\">\n<p><iframe loading=\"lazy\" title=\"Somnomed flex and Classic: how to modify the advancement ot their splints?\" width=\"640\" height=\"360\" src=\"https:\/\/www.youtube.com\/embed\/F_nJXtbc_lk?feature=oembed\" frameborder=\"0\" allow=\"accelerometer; autoplay; clipboard-write; encrypted-media; gyroscope; picture-in-picture; web-share\" referrerpolicy=\"strict-origin-when-cross-origin\" allowfullscreen><\/iframe><\/p>\n<\/div>\n","protected":false},"excerpt":{"rendered":"<p>With a choice of 4 custom-fitted appliances, SomnoDent\/SomnoMed advancement orthotics are worn during sleep and are fitted over the upper and lower teeth. They move the jaw slightly forward to keep the airway open and allow normal breathing during sleep. They are recommended for the treatment of snoring and mild-to-moderate apnea in patients 18 years [&hellip;]<\/p>\n","protected":false},"author":1,"featured_media":424,"parent":0,"menu_order":0,"comment_status":"closed","ping_status":"closed","template":"","meta":{"_acf_changed":false,"inline_featured_image":false,"footnotes":""},"class_list":["post-517","page","type-page","status-publish","has-post-thumbnail","hentry"],"acf":[],"yoast_head":"<!-- This site is optimized with the Yoast SEO plugin v27.0 - https:\/\/yoast.com\/product\/yoast-seo-wordpress\/ -->\n<title>Sleep \/ SomnoDent \/ SomnoMed - Clinique Sant\u00e9 Sommeil Dr Lechner<\/title>\n<meta name=\"robots\" content=\"index, follow, max-snippet:-1, max-image-preview:large, max-video-preview:-1\" \/>\n<link rel=\"canonical\" href=\"https:\/\/www.santesommeildrlechner.ca\/en\/sleep-somnodent-somnomed\/\" \/>\n<meta property=\"og:locale\" content=\"en_US\" \/>\n<meta property=\"og:type\" content=\"article\" \/>\n<meta property=\"og:title\" content=\"Sleep \/ SomnoDent \/ SomnoMed - Clinique Sant\u00e9 Sommeil Dr Lechner\" \/>\n<meta property=\"og:description\" content=\"With a choice of 4 custom-fitted appliances, SomnoDent\/SomnoMed advancement orthotics are worn during sleep and are fitted over the upper and lower teeth. They move the jaw slightly forward to keep the airway open and allow normal breathing during sleep. They are recommended for the treatment of snoring and mild-to-moderate apnea in patients 18 years [&hellip;]\" \/>\n<meta property=\"og:url\" content=\"https:\/\/www.santesommeildrlechner.ca\/en\/sleep-somnodent-somnomed\/\" \/>\n<meta property=\"og:site_name\" content=\"Clinique Sant\u00e9 Sommeil Dr Lechner\" \/>\n<meta property=\"article:modified_time\" content=\"2022-05-19T04:03:06+00:00\" \/>\n<meta property=\"og:image\" content=\"https:\/\/www.santesommeildrlechner.ca\/wp-content\/uploads\/2022\/04\/entete-7.jpg\" \/>\n\t<meta property=\"og:image:width\" content=\"1300\" \/>\n\t<meta property=\"og:image:height\" content=\"428\" \/>\n\t<meta property=\"og:image:type\" content=\"image\/jpeg\" \/>\n<meta name=\"twitter:card\" content=\"summary_large_image\" \/>\n<meta name=\"twitter:label1\" content=\"Est. reading time\" \/>\n\t<meta name=\"twitter:data1\" content=\"2 minutes\" \/>\n<script type=\"application\/ld+json\" class=\"yoast-schema-graph\">{\"@context\":\"https:\/\/schema.org\",\"@graph\":[{\"@type\":\"WebPage\",\"@id\":\"https:\/\/www.santesommeildrlechner.ca\/en\/sleep-somnodent-somnomed\/\",\"url\":\"https:\/\/www.santesommeildrlechner.ca\/en\/sleep-somnodent-somnomed\/\",\"name\":\"Sleep \/ SomnoDent \/ SomnoMed - Clinique Sant\u00e9 Sommeil Dr Lechner\",\"isPartOf\":{\"@id\":\"https:\/\/www.santesommeildrlechner.ca\/en\/#website\"},\"primaryImageOfPage\":{\"@id\":\"https:\/\/www.santesommeildrlechner.ca\/en\/sleep-somnodent-somnomed\/#primaryimage\"},\"image\":{\"@id\":\"https:\/\/www.santesommeildrlechner.ca\/en\/sleep-somnodent-somnomed\/#primaryimage\"},\"thumbnailUrl\":\"https:\/\/www.santesommeildrlechner.ca\/wp-content\/uploads\/2022\/04\/entete-7.jpg\",\"datePublished\":\"2022-03-17T03:37:30+00:00\",\"dateModified\":\"2022-05-19T04:03:06+00:00\",\"breadcrumb\":{\"@id\":\"https:\/\/www.santesommeildrlechner.ca\/en\/sleep-somnodent-somnomed\/#breadcrumb\"},\"inLanguage\":\"en-US\",\"potentialAction\":[{\"@type\":\"ReadAction\",\"target\":[\"https:\/\/www.santesommeildrlechner.ca\/en\/sleep-somnodent-somnomed\/\"]}]},{\"@type\":\"ImageObject\",\"inLanguage\":\"en-US\",\"@id\":\"https:\/\/www.santesommeildrlechner.ca\/en\/sleep-somnodent-somnomed\/#primaryimage\",\"url\":\"https:\/\/www.santesommeildrlechner.ca\/wp-content\/uploads\/2022\/04\/entete-7.jpg\",\"contentUrl\":\"https:\/\/www.santesommeildrlechner.ca\/wp-content\/uploads\/2022\/04\/entete-7.jpg\",\"width\":1300,\"height\":428},{\"@type\":\"BreadcrumbList\",\"@id\":\"https:\/\/www.santesommeildrlechner.ca\/en\/sleep-somnodent-somnomed\/#breadcrumb\",\"itemListElement\":[{\"@type\":\"ListItem\",\"position\":1,\"name\":\"Accueil\",\"item\":\"https:\/\/www.santesommeildrlechner.ca\/en\/\"},{\"@type\":\"ListItem\",\"position\":2,\"name\":\"Sleep \/ SomnoDent \/ SomnoMed\"}]},{\"@type\":\"WebSite\",\"@id\":\"https:\/\/www.santesommeildrlechner.ca\/en\/#website\",\"url\":\"https:\/\/www.santesommeildrlechner.ca\/en\/\",\"name\":\"Clinique Sant\u00e9 Sommeil Dr Lechner\",\"description\":\"Clinique Sant\u00e9 Sommeil Prisma mise sur une approche multidisciplinaire pour prendre en charge les troubles du sommeil li\u00e9s \u00e0 la sant\u00e9 buccodentaire\",\"potentialAction\":[{\"@type\":\"SearchAction\",\"target\":{\"@type\":\"EntryPoint\",\"urlTemplate\":\"https:\/\/www.santesommeildrlechner.ca\/en\/?s={search_term_string}\"},\"query-input\":{\"@type\":\"PropertyValueSpecification\",\"valueRequired\":true,\"valueName\":\"search_term_string\"}}],\"inLanguage\":\"en-US\"}]}<\/script>\n<!-- \/ Yoast SEO plugin. -->","yoast_head_json":{"title":"Sleep \/ SomnoDent \/ SomnoMed - Clinique Sant\u00e9 Sommeil Dr Lechner","robots":{"index":"index","follow":"follow","max-snippet":"max-snippet:-1","max-image-preview":"max-image-preview:large","max-video-preview":"max-video-preview:-1"},"canonical":"https:\/\/www.santesommeildrlechner.ca\/en\/sleep-somnodent-somnomed\/","og_locale":"en_US","og_type":"article","og_title":"Sleep \/ SomnoDent \/ SomnoMed - Clinique Sant\u00e9 Sommeil Dr Lechner","og_description":"With a choice of 4 custom-fitted appliances, SomnoDent\/SomnoMed advancement orthotics are worn during sleep and are fitted over the upper and lower teeth. They move the jaw slightly forward to keep the airway open and allow normal breathing during sleep. They are recommended for the treatment of snoring and mild-to-moderate apnea in patients 18 years [&hellip;]","og_url":"https:\/\/www.santesommeildrlechner.ca\/en\/sleep-somnodent-somnomed\/","og_site_name":"Clinique Sant\u00e9 Sommeil Dr Lechner","article_modified_time":"2022-05-19T04:03:06+00:00","og_image":[{"width":1300,"height":428,"url":"https:\/\/www.santesommeildrlechner.ca\/wp-content\/uploads\/2022\/04\/entete-7.jpg","type":"image\/jpeg"}],"twitter_card":"summary_large_image","twitter_misc":{"Est. reading time":"2 minutes"},"schema":{"@context":"https:\/\/schema.org","@graph":[{"@type":"WebPage","@id":"https:\/\/www.santesommeildrlechner.ca\/en\/sleep-somnodent-somnomed\/","url":"https:\/\/www.santesommeildrlechner.ca\/en\/sleep-somnodent-somnomed\/","name":"Sleep \/ SomnoDent \/ SomnoMed - Clinique Sant\u00e9 Sommeil Dr Lechner","isPartOf":{"@id":"https:\/\/www.santesommeildrlechner.ca\/en\/#website"},"primaryImageOfPage":{"@id":"https:\/\/www.santesommeildrlechner.ca\/en\/sleep-somnodent-somnomed\/#primaryimage"},"image":{"@id":"https:\/\/www.santesommeildrlechner.ca\/en\/sleep-somnodent-somnomed\/#primaryimage"},"thumbnailUrl":"https:\/\/www.santesommeildrlechner.ca\/wp-content\/uploads\/2022\/04\/entete-7.jpg","datePublished":"2022-03-17T03:37:30+00:00","dateModified":"2022-05-19T04:03:06+00:00","breadcrumb":{"@id":"https:\/\/www.santesommeildrlechner.ca\/en\/sleep-somnodent-somnomed\/#breadcrumb"},"inLanguage":"en-US","potentialAction":[{"@type":"ReadAction","target":["https:\/\/www.santesommeildrlechner.ca\/en\/sleep-somnodent-somnomed\/"]}]},{"@type":"ImageObject","inLanguage":"en-US","@id":"https:\/\/www.santesommeildrlechner.ca\/en\/sleep-somnodent-somnomed\/#primaryimage","url":"https:\/\/www.santesommeildrlechner.ca\/wp-content\/uploads\/2022\/04\/entete-7.jpg","contentUrl":"https:\/\/www.santesommeildrlechner.ca\/wp-content\/uploads\/2022\/04\/entete-7.jpg","width":1300,"height":428},{"@type":"BreadcrumbList","@id":"https:\/\/www.santesommeildrlechner.ca\/en\/sleep-somnodent-somnomed\/#breadcrumb","itemListElement":[{"@type":"ListItem","position":1,"name":"Accueil","item":"https:\/\/www.santesommeildrlechner.ca\/en\/"},{"@type":"ListItem","position":2,"name":"Sleep \/ SomnoDent \/ SomnoMed"}]},{"@type":"WebSite","@id":"https:\/\/www.santesommeildrlechner.ca\/en\/#website","url":"https:\/\/www.santesommeildrlechner.ca\/en\/","name":"Clinique Sant\u00e9 Sommeil Dr Lechner","description":"Clinique Sant\u00e9 Sommeil Prisma mise sur une approche multidisciplinaire pour prendre en charge les troubles du sommeil li\u00e9s \u00e0 la sant\u00e9 buccodentaire","potentialAction":[{"@type":"SearchAction","target":{"@type":"EntryPoint","urlTemplate":"https:\/\/www.santesommeildrlechner.ca\/en\/?s={search_term_string}"},"query-input":{"@type":"PropertyValueSpecification","valueRequired":true,"valueName":"search_term_string"}}],"inLanguage":"en-US"}]}},"_links":{"self":[{"href":"https:\/\/www.santesommeildrlechner.ca\/en\/wp-json\/wp\/v2\/pages\/517","targetHints":{"allow":["GET"]}}],"collection":[{"href":"https:\/\/www.santesommeildrlechner.ca\/en\/wp-json\/wp\/v2\/pages"}],"about":[{"href":"https:\/\/www.santesommeildrlechner.ca\/en\/wp-json\/wp\/v2\/types\/page"}],"author":[{"embeddable":true,"href":"https:\/\/www.santesommeildrlechner.ca\/en\/wp-json\/wp\/v2\/users\/1"}],"replies":[{"embeddable":true,"href":"https:\/\/www.santesommeildrlechner.ca\/en\/wp-json\/wp\/v2\/comments?post=517"}],"version-history":[{"count":7,"href":"https:\/\/www.santesommeildrlechner.ca\/en\/wp-json\/wp\/v2\/pages\/517\/revisions"}],"predecessor-version":[{"id":783,"href":"https:\/\/www.santesommeildrlechner.ca\/en\/wp-json\/wp\/v2\/pages\/517\/revisions\/783"}],"wp:featuredmedia":[{"embeddable":true,"href":"https:\/\/www.santesommeildrlechner.ca\/en\/wp-json\/wp\/v2\/media\/424"}],"wp:attachment":[{"href":"https:\/\/www.santesommeildrlechner.ca\/en\/wp-json\/wp\/v2\/media?parent=517"}],"curies":[{"name":"wp","href":"https:\/\/api.w.org\/{rel}","templated":true}]}}